{"id":1243,"date":"2016-10-24T11:50:43","date_gmt":"2016-10-24T09:50:43","guid":{"rendered":"http:\/\/deltametal.fr\/?page_id=1243"},"modified":"2023-09-29T09:51:07","modified_gmt":"2023-09-29T07:51:07","slug":"mecanique","status":"publish","type":"page","link":"https:\/\/deltametal.fr\/es\/secteurs-dactivites-alliages\/mecanique\/","title":{"rendered":"Mec\u00e1nico"},"content":{"rendered":"<div class=\"fusion-fullwidth fullwidth-box fusion-builder-row-1 has-pattern-background has-mask-background nonhundred-percent-fullwidth non-hundred-percent-height-scrolling postpage\" style=\"--awb-background-position:left top;--awb-border-sizes-top:0px;--awb-border-sizes-bottom:0px;--awb-border-sizes-left:0px;--awb-border-sizes-right:0px;--awb-border-radius-top-left:0px;--awb-border-radius-top-right:0px;--awb-border-radius-bottom-right:0px;--awb-border-radius-bottom-left:0px;--awb-padding-top:0px;--awb-padding-bottom:40px;--awb-flex-wrap:wrap;\" ><div class=\"fusion-builder-row fusion-row\"><div class=\"fusion-layout-column fusion_builder_column fusion-builder-column-0 fusion_builder_column_1_1 1_1 fusion-one-full fusion-column-first fusion-column-last fusion-column-no-min-height\" style=\"--awb-bg-size:cover;--awb-margin-bottom:0px;\"><div class=\"fusion-column-wrapper fusion-flex-column-wrapper-legacy\"><div class=\"bestseller-zone\"><div class=\"col-sm-3 bestseller\" onclick=\"window.location.href = 'https:\/\/deltametal.fr\/es\/cuzn40pb2\/'\">\n\t\t\t\t\t\t<div class=\"left-bloc\"><img decoding=\"async\" src=\"https:\/\/deltametal.fr\/wp-content\/uploads\/2023\/09\/D.png\" width=\"24\"><span class=\"number\">412<\/span>\n\t\t\t\t\t\t<\/div>\n\t\t\t\t\t\t<div class=\"title-best\">\n\t\t\t\t\t\t\t<h3>\n\t\t\t\t\t\t\t\t<a href=\"https:\/\/deltametal.fr\/es\/cuzn40pb2\/\">CuZn40Pb2<\/a>\n\t\t\t\t\t\t\t<\/h3>\n\t\t\t\t\t\t\t<h4>CW617N<\/h4>\n\t\t\t\t\t\t<\/div>\n\t\t\t\t\t<\/div><div class=\"col-sm-3 bestseller\" onclick=\"window.location.href = 'https:\/\/deltametal.fr\/es\/cuzn37mn3al2pbsi\/'\">\n\t\t\t\t\t\t<div class=\"left-bloc\"><img decoding=\"async\" src=\"https:\/\/deltametal.fr\/wp-content\/uploads\/2023\/09\/D.png\" width=\"24\"><span class=\"number\">373<\/span>\n\t\t\t\t\t\t<\/div>\n\t\t\t\t\t\t<div class=\"title-best\">\n\t\t\t\t\t\t\t<h3>\n\t\t\t\t\t\t\t\t<a href=\"https:\/\/deltametal.fr\/es\/cuzn37mn3al2pbsi\/\">CuZn37Mn3Al2PbSi<\/a>\n\t\t\t\t\t\t\t<\/h3>\n\t\t\t\t\t\t\t<h4>CW713R<\/h4>\n\t\t\t\t\t\t<\/div>\n\t\t\t\t\t<\/div><div class=\"col-sm-3 bestseller\" onclick=\"window.location.href = 'https:\/\/deltametal.fr\/es\/cuzn25al5mn4fe3\/'\">\n\t\t\t\t\t\t<div class=\"left-bloc\"><img decoding=\"async\" src=\"https:\/\/deltametal.fr\/wp-content\/uploads\/2023\/09\/D.png\" width=\"24\"><span class=\"number\">255<\/span>\n\t\t\t\t\t\t<\/div>\n\t\t\t\t\t\t<div class=\"title-best\">\n\t\t\t\t\t\t\t<h3>\n\t\t\t\t\t\t\t\t<a href=\"https:\/\/deltametal.fr\/es\/cuzn25al5mn4fe3\/\">CuZn25Al5Mn4Fe3<\/a>\n\t\t\t\t\t\t\t<\/h3>\n\t\t\t\t\t\t\t<h4>CC762S<\/h4>\n\t\t\t\t\t\t<\/div>\n\t\t\t\t\t<\/div><div class=\"fusion-clearfix\"><\/div><div class=\"col-sm-3 bestseller\" onclick=\"window.location.href = 'https:\/\/deltametal.fr\/es\/cusn11pb2\/'\">\n\t\t\t\t\t\t<div class=\"left-bloc\"><img decoding=\"async\" src=\"https:\/\/deltametal.fr\/wp-content\/uploads\/2023\/09\/D.png\" width=\"24\"><span class=\"number\">112<\/span>\n\t\t\t\t\t\t<\/div>\n\t\t\t\t\t\t<div class=\"title-best\">\n\t\t\t\t\t\t\t<h3>\n\t\t\t\t\t\t\t\t<a href=\"https:\/\/deltametal.fr\/es\/cusn11pb2\/\">CuSn11Pb2<\/a>\n\t\t\t\t\t\t\t<\/h3>\n\t\t\t\t\t\t\t<h4>CC482K<\/h4>\n\t\t\t\t\t\t<\/div>\n\t\t\t\t\t<\/div><div class=\"col-sm-3 bestseller\" onclick=\"window.location.href = 'https:\/\/deltametal.fr\/es\/cusn8\/'\">\n\t\t\t\t\t\t<div class=\"left-bloc\"><img decoding=\"async\" src=\"https:\/\/deltametal.fr\/wp-content\/uploads\/2023\/09\/D.png\" width=\"24\"><span class=\"number\">8<\/span>\n\t\t\t\t\t\t<\/div>\n\t\t\t\t\t\t<div class=\"title-best\">\n\t\t\t\t\t\t\t<h3>\n\t\t\t\t\t\t\t\t<a href=\"https:\/\/deltametal.fr\/es\/cusn8\/\">CuSn8<\/a>\n\t\t\t\t\t\t\t<\/h3>\n\t\t\t\t\t\t\t<h4>CW453K<\/h4>\n\t\t\t\t\t\t<\/div>\n\t\t\t\t\t<\/div><div class=\"col-sm-3 bestseller\" onclick=\"window.location.href = 'https:\/\/deltametal.fr\/es\/titane-grade-1\/'\">\n\t\t\t\t\t\t<div class=\"left-bloc\"><img decoding=\"async\" src=\"https:\/\/deltametal.fr\/wp-content\/uploads\/2023\/09\/D.png\" width=\"24\"><span class=\"number\">T35<\/span>\n\t\t\t\t\t\t<\/div>\n\t\t\t\t\t\t<div class=\"title-best\">\n\t\t\t\t\t\t\t<h3>\n\t\t\t\t\t\t\t\t<a href=\"https:\/\/deltametal.fr\/es\/titane-grade-1\/\">Titanio Grado 1<\/a>\n\t\t\t\t\t\t\t<\/h3>\n\t\t\t\t\t\t\t<h4><\/h4>\n\t\t\t\t\t\t<\/div>\n\t\t\t\t\t<\/div><div class=\"fusion-clearfix\"><\/div><div class=\"col-sm-3 bestseller\" onclick=\"window.location.href = 'https:\/\/deltametal.fr\/es\/titane-grade-2\/'\">\n\t\t\t\t\t\t<div class=\"left-bloc\"><img decoding=\"async\" src=\"https:\/\/deltametal.fr\/wp-content\/uploads\/2023\/09\/D.png\" width=\"24\"><span class=\"number\">T40<\/span>\n\t\t\t\t\t\t<\/div>\n\t\t\t\t\t\t<div class=\"title-best\">\n\t\t\t\t\t\t\t<h3>\n\t\t\t\t\t\t\t\t<a href=\"https:\/\/deltametal.fr\/es\/titane-grade-2\/\">Titanio Grado 2<\/a>\n\t\t\t\t\t\t\t<\/h3>\n\t\t\t\t\t\t\t<h4>T40<\/h4>\n\t\t\t\t\t\t<\/div>\n\t\t\t\t\t<\/div><div class=\"col-sm-3 bestseller\" onclick=\"window.location.href = 'https:\/\/deltametal.fr\/es\/titane-grade-3\/'\">\n\t\t\t\t\t\t<div class=\"left-bloc\"><img decoding=\"async\" src=\"https:\/\/deltametal.fr\/wp-content\/uploads\/2023\/09\/D.png\" width=\"24\"><span class=\"number\">T50<\/span>\n\t\t\t\t\t\t<\/div>\n\t\t\t\t\t\t<div class=\"title-best\">\n\t\t\t\t\t\t\t<h3>\n\t\t\t\t\t\t\t\t<a href=\"https:\/\/deltametal.fr\/es\/titane-grade-3\/\">Titanio Grado 3<\/a>\n\t\t\t\t\t\t\t<\/h3>\n\t\t\t\t\t\t\t<h4>T50<\/h4>\n\t\t\t\t\t\t<\/div>\n\t\t\t\t\t<\/div><div class=\"col-sm-3 bestseller\" onclick=\"window.location.href = 'https:\/\/deltametal.fr\/es\/titane-grade-4\/'\">\n\t\t\t\t\t\t<div class=\"left-bloc\"><img decoding=\"async\" src=\"https:\/\/deltametal.fr\/wp-content\/uploads\/2023\/09\/D.png\" width=\"24\"><span class=\"number\">T60<\/span>\n\t\t\t\t\t\t<\/div>\n\t\t\t\t\t\t<div class=\"title-best\">\n\t\t\t\t\t\t\t<h3>\n\t\t\t\t\t\t\t\t<a href=\"https:\/\/deltametal.fr\/es\/titane-grade-4\/\">Titanio Grado 4<\/a>\n\t\t\t\t\t\t\t<\/h3>\n\t\t\t\t\t\t\t<h4>T60<\/h4>\n\t\t\t\t\t\t<\/div>\n\t\t\t\t\t<\/div><div class=\"fusion-clearfix\"><\/div><div class=\"col-sm-3 bestseller\" onclick=\"window.location.href = 'https:\/\/deltametal.fr\/es\/titane-grade-5\/'\">\n\t\t\t\t\t\t<div class=\"left-bloc\"><img decoding=\"async\" src=\"https:\/\/deltametal.fr\/wp-content\/uploads\/2023\/09\/D.png\" width=\"24\"><span class=\"number\">TA6V<\/span>\n\t\t\t\t\t\t<\/div>\n\t\t\t\t\t\t<div class=\"title-best\">\n\t\t\t\t\t\t\t<h3>\n\t\t\t\t\t\t\t\t<a href=\"https:\/\/deltametal.fr\/es\/titane-grade-5\/\">Titanio Grado 5<\/a>\n\t\t\t\t\t\t\t<\/h3>\n\t\t\t\t\t\t\t<h4>TA6V<\/h4>\n\t\t\t\t\t\t<\/div>\n\t\t\t\t\t<\/div><div class=\"col-sm-3 bestseller\" onclick=\"window.location.href = 'https:\/\/deltametal.fr\/es\/cuni10femn\/'\">\n\t\t\t\t\t\t<div class=\"left-bloc\"><img decoding=\"async\" src=\"https:\/\/deltametal.fr\/wp-content\/uploads\/2023\/09\/D.png\" width=\"24\"><span class=\"number\">510<\/span>\n\t\t\t\t\t\t<\/div>\n\t\t\t\t\t\t<div class=\"title-best\">\n\t\t\t\t\t\t\t<h3>\n\t\t\t\t\t\t\t\t<a href=\"https:\/\/deltametal.fr\/es\/cuni10femn\/\">CuNi10FeMn<\/a>\n\t\t\t\t\t\t\t<\/h3>\n\t\t\t\t\t\t\t<h4>CW352H<\/h4>\n\t\t\t\t\t\t<\/div>\n\t\t\t\t\t<\/div><div class=\"col-sm-3 bestseller\" onclick=\"window.location.href = 'https:\/\/deltametal.fr\/es\/cual9ni5fe4\/'\">\n\t\t\t\t\t\t<div class=\"left-bloc\"><img decoding=\"async\" src=\"https:\/\/deltametal.fr\/wp-content\/uploads\/2023\/09\/D.png\" width=\"24\"><span class=\"number\">219<\/span>\n\t\t\t\t\t\t<\/div>\n\t\t\t\t\t\t<div class=\"title-best\">\n\t\t\t\t\t\t\t<h3>\n\t\t\t\t\t\t\t\t<a href=\"https:\/\/deltametal.fr\/es\/cual9ni5fe4\/\">CuAl9Ni5Fe4<\/a>\n\t\t\t\t\t\t\t<\/h3>\n\t\t\t\t\t\t\t<h4><\/h4>\n\t\t\t\t\t\t<\/div>\n\t\t\t\t\t<\/div><div class=\"fusion-clearfix\"><\/div><div class=\"col-sm-3 bestseller\" onclick=\"window.location.href = 'https:\/\/deltametal.fr\/es\/cual10ni5fe4\/'\">\n\t\t\t\t\t\t<div class=\"left-bloc\"><img decoding=\"async\" src=\"https:\/\/deltametal.fr\/wp-content\/uploads\/2023\/09\/D.png\" width=\"24\"><span class=\"number\">214<\/span>\n\t\t\t\t\t\t<\/div>\n\t\t\t\t\t\t<div class=\"title-best\">\n\t\t\t\t\t\t\t<h3>\n\t\t\t\t\t\t\t\t<a href=\"https:\/\/deltametal.fr\/es\/cual10ni5fe4\/\">CuAl10Ni5Fe4<\/a>\n\t\t\t\t\t\t\t<\/h3>\n\t\t\t\t\t\t\t<h4>CW307G<\/h4>\n\t\t\t\t\t\t<\/div>\n\t\t\t\t\t<\/div><div class=\"col-sm-3 bestseller\" onclick=\"window.location.href = 'https:\/\/deltametal.fr\/es\/cual10ni5fe5\/'\">\n\t\t\t\t\t\t<div class=\"left-bloc\"><img decoding=\"async\" src=\"https:\/\/deltametal.fr\/wp-content\/uploads\/2023\/09\/D.png\" width=\"24\"><span class=\"number\">215<\/span>\n\t\t\t\t\t\t<\/div>\n\t\t\t\t\t\t<div class=\"title-best\">\n\t\t\t\t\t\t\t<h3>\n\t\t\t\t\t\t\t\t<a href=\"https:\/\/deltametal.fr\/es\/cual10ni5fe5\/\">CuAl10Ni5Fe5<\/a>\n\t\t\t\t\t\t\t<\/h3>\n\t\t\t\t\t\t\t<h4>CC333G<\/h4>\n\t\t\t\t\t\t<\/div>\n\t\t\t\t\t<\/div><div class=\"col-sm-3 bestseller\" onclick=\"window.location.href = 'https:\/\/deltametal.fr\/es\/cual11ni6fe6\/'\">\n\t\t\t\t\t\t<div class=\"left-bloc\"><img decoding=\"async\" src=\"https:\/\/deltametal.fr\/wp-content\/uploads\/2023\/09\/D.png\" width=\"24\"><span class=\"number\">216<\/span>\n\t\t\t\t\t\t<\/div>\n\t\t\t\t\t\t<div class=\"title-best\">\n\t\t\t\t\t\t\t<h3>\n\t\t\t\t\t\t\t\t<a href=\"https:\/\/deltametal.fr\/es\/cual11ni6fe6\/\">CuAl11Ni6Fe6<\/a>\n\t\t\t\t\t\t\t<\/h3>\n\t\t\t\t\t\t\t<h4>CW308G\/CC334G<\/h4>\n\t\t\t\t\t\t<\/div>\n\t\t\t\t\t<\/div><div class=\"fusion-clearfix\"><\/div><div class=\"col-sm-3 bestseller\" onclick=\"window.location.href = 'https:\/\/deltametal.fr\/es\/cual12ni5fe5\/'\">\n\t\t\t\t\t\t<div class=\"left-bloc\"><img decoding=\"async\" src=\"https:\/\/deltametal.fr\/wp-content\/uploads\/2023\/09\/D.png\" width=\"24\"><span class=\"number\">212<\/span>\n\t\t\t\t\t\t<\/div>\n\t\t\t\t\t\t<div class=\"title-best\">\n\t\t\t\t\t\t\t<h3>\n\t\t\t\t\t\t\t\t<a href=\"https:\/\/deltametal.fr\/es\/cual12ni5fe5\/\">CuAl12Ni5Fe5<\/a>\n\t\t\t\t\t\t\t<\/h3>\n\t\t\t\t\t\t\t<h4>*<\/h4>\n\t\t\t\t\t\t<\/div>\n\t\t\t\t\t<\/div><div class=\"col-sm-3 bestseller\" onclick=\"window.location.href = 'https:\/\/deltametal.fr\/es\/1371\/'\">\n\t\t\t\t\t\t<div class=\"left-bloc\"><img decoding=\"async\" src=\"https:\/\/deltametal.fr\/wp-content\/uploads\/2023\/09\/D.png\" width=\"24\"><span class=\"number\">340<\/span>\n\t\t\t\t\t\t<\/div>\n\t\t\t\t\t\t<div class=\"title-best\">\n\t\t\t\t\t\t\t<h3>\n\t\t\t\t\t\t\t\t<a href=\"https:\/\/deltametal.fr\/es\/1371\/\">D340<\/a>\n\t\t\t\t\t\t\t<\/h3>\n\t\t\t\t\t\t\t<h4><\/h4>\n\t\t\t\t\t\t<\/div>\n\t\t\t\t\t<\/div><div class=\"col-sm-3 bestseller\" onclick=\"window.location.href = 'https:\/\/deltametal.fr\/es\/1372\/'\">\n\t\t\t\t\t\t<div class=\"left-bloc\"><img decoding=\"async\" src=\"https:\/\/deltametal.fr\/wp-content\/uploads\/2023\/09\/D.png\" width=\"24\"><span class=\"number\">360<\/span>\n\t\t\t\t\t\t<\/div>\n\t\t\t\t\t\t<div class=\"title-best\">\n\t\t\t\t\t\t\t<h3>\n\t\t\t\t\t\t\t\t<a href=\"https:\/\/deltametal.fr\/es\/1372\/\">D360<\/a>\n\t\t\t\t\t\t\t<\/h3>\n\t\t\t\t\t\t\t<h4><\/h4>\n\t\t\t\t\t\t<\/div>\n\t\t\t\t\t<\/div><div class=\"fusion-clearfix\"><\/div><div class=\"col-sm-3 bestseller\" onclick=\"window.location.href = 'https:\/\/deltametal.fr\/es\/1374\/'\">\n\t\t\t\t\t\t<div class=\"left-bloc\"><img decoding=\"async\" src=\"https:\/\/deltametal.fr\/wp-content\/uploads\/2023\/09\/D.png\" width=\"24\"><span class=\"number\">420<\/span>\n\t\t\t\t\t\t<\/div>\n\t\t\t\t\t\t<div class=\"title-best\">\n\t\t\t\t\t\t\t<h3>\n\t\t\t\t\t\t\t\t<a href=\"https:\/\/deltametal.fr\/es\/1374\/\">D420<\/a>\n\t\t\t\t\t\t\t<\/h3>\n\t\t\t\t\t\t\t<h4><\/h4>\n\t\t\t\t\t\t<\/div>\n\t\t\t\t\t<\/div><div class=\"col-sm-3 bestseller\" onclick=\"window.location.href = 'https:\/\/deltametal.fr\/es\/cusn6\/'\">\n\t\t\t\t\t\t<div class=\"left-bloc\"><img decoding=\"async\" src=\"https:\/\/deltametal.fr\/wp-content\/uploads\/2023\/09\/D.png\" width=\"24\"><span class=\"number\">6<\/span>\n\t\t\t\t\t\t<\/div>\n\t\t\t\t\t\t<div class=\"title-best\">\n\t\t\t\t\t\t\t<h3>\n\t\t\t\t\t\t\t\t<a href=\"https:\/\/deltametal.fr\/es\/cusn6\/\">CuSn6<\/a>\n\t\t\t\t\t\t\t<\/h3>\n\t\t\t\t\t\t\t<h4>CW452K<\/h4>\n\t\t\t\t\t\t<\/div>\n\t\t\t\t\t<\/div><div class=\"col-sm-3 bestseller\" onclick=\"window.location.href = 'https:\/\/deltametal.fr\/es\/cusn7-cusn7zn4pb7\/'\">\n\t\t\t\t\t\t<div class=\"left-bloc\"><img decoding=\"async\" src=\"https:\/\/deltametal.fr\/wp-content\/uploads\/2023\/09\/D.png\" width=\"24\"><span class=\"number\">7<\/span>\n\t\t\t\t\t\t<\/div>\n\t\t\t\t\t\t<div class=\"title-best\">\n\t\t\t\t\t\t\t<h3>\n\t\t\t\t\t\t\t\t<a href=\"https:\/\/deltametal.fr\/es\/cusn7-cusn7zn4pb7\/\">CuSn7Zn4Pb7<\/a>\n\t\t\t\t\t\t\t<\/h3>\n\t\t\t\t\t\t\t<h4>CC493K<\/h4>\n\t\t\t\t\t\t<\/div>\n\t\t\t\t\t<\/div><div class=\"fusion-clearfix\"><\/div><div class=\"col-sm-3 bestseller\" onclick=\"window.location.href = 'https:\/\/deltametal.fr\/es\/cusn8-cusn8p\/'\">\n\t\t\t\t\t\t<div class=\"left-bloc\"><img decoding=\"async\" src=\"https:\/\/deltametal.fr\/wp-content\/uploads\/2023\/09\/D.png\" width=\"24\"><span class=\"number\">8P<\/span>\n\t\t\t\t\t\t<\/div>\n\t\t\t\t\t\t<div class=\"title-best\">\n\t\t\t\t\t\t\t<h3>\n\t\t\t\t\t\t\t\t<a href=\"https:\/\/deltametal.fr\/es\/cusn8-cusn8p\/\">CuSn8P<\/a>\n\t\t\t\t\t\t\t<\/h3>\n\t\t\t\t\t\t\t<h4>CW459K<\/h4>\n\t\t\t\t\t\t<\/div>\n\t\t\t\t\t<\/div><div class=\"col-sm-3 bestseller\" onclick=\"window.location.href = 'https:\/\/deltametal.fr\/es\/cusn12\/'\">\n\t\t\t\t\t\t<div class=\"left-bloc\"><img decoding=\"async\" src=\"https:\/\/deltametal.fr\/wp-content\/uploads\/2023\/09\/D.png\" width=\"24\"><span class=\"number\">12<\/span>\n\t\t\t\t\t\t<\/div>\n\t\t\t\t\t\t<div class=\"title-best\">\n\t\t\t\t\t\t\t<h3>\n\t\t\t\t\t\t\t\t<a href=\"https:\/\/deltametal.fr\/es\/cusn12\/\">CuSn12<\/a>\n\t\t\t\t\t\t\t<\/h3>\n\t\t\t\t\t\t\t<h4>CC483K<\/h4>\n\t\t\t\t\t\t<\/div>\n\t\t\t\t\t<\/div><div class=\"col-sm-3 bestseller\" onclick=\"window.location.href = 'https:\/\/deltametal.fr\/es\/cusn12ni2\/'\">\n\t\t\t\t\t\t<div class=\"left-bloc\"><img decoding=\"async\" src=\"https:\/\/deltametal.fr\/wp-content\/uploads\/2023\/09\/D.png\" width=\"24\"><span class=\"number\">121<\/span>\n\t\t\t\t\t\t<\/div>\n\t\t\t\t\t\t<div class=\"title-best\">\n\t\t\t\t\t\t\t<h3>\n\t\t\t\t\t\t\t\t<a href=\"https:\/\/deltametal.fr\/es\/cusn12ni2\/\">CuSn12Ni2<\/a>\n\t\t\t\t\t\t\t<\/h3>\n\t\t\t\t\t\t\t<h4>CC484K<\/h4>\n\t\t\t\t\t\t<\/div>\n\t\t\t\t\t<\/div><div class=\"fusion-clearfix\"><\/div><div class=\"col-sm-3 bestseller\" onclick=\"window.location.href = 'https:\/\/deltametal.fr\/es\/cupb10sn10\/'\">\n\t\t\t\t\t\t<div class=\"left-bloc\"><img decoding=\"async\" src=\"https:\/\/deltametal.fr\/wp-content\/uploads\/2023\/09\/D.png\" width=\"24\"><span class=\"number\">10<\/span>\n\t\t\t\t\t\t<\/div>\n\t\t\t\t\t\t<div class=\"title-best\">\n\t\t\t\t\t\t\t<h3>\n\t\t\t\t\t\t\t\t<a href=\"https:\/\/deltametal.fr\/es\/cupb10sn10\/\">CuPb10Sn10<\/a>\n\t\t\t\t\t\t\t<\/h3>\n\t\t\t\t\t\t\t<h4>CC495K<\/h4>\n\t\t\t\t\t\t<\/div>\n\t\t\t\t\t<\/div><div class=\"col-sm-3 bestseller\" onclick=\"window.location.href = 'https:\/\/deltametal.fr\/es\/cupb15sn7\/'\">\n\t\t\t\t\t\t<div class=\"left-bloc\"><img decoding=\"async\" src=\"https:\/\/deltametal.fr\/wp-content\/uploads\/2023\/09\/D.png\" width=\"24\"><span class=\"number\">15<\/span>\n\t\t\t\t\t\t<\/div>\n\t\t\t\t\t\t<div class=\"title-best\">\n\t\t\t\t\t\t\t<h3>\n\t\t\t\t\t\t\t\t<a href=\"https:\/\/deltametal.fr\/es\/cupb15sn7\/\">CuPb15Sn7<\/a>\n\t\t\t\t\t\t\t<\/h3>\n\t\t\t\t\t\t\t<h4>CC496K<\/h4>\n\t\t\t\t\t\t<\/div>\n\t\t\t\t\t<\/div><div class=\"col-sm-3 bestseller\" onclick=\"window.location.href = 'https:\/\/deltametal.fr\/es\/cuzn39pb3\/'\">\n\t\t\t\t\t\t<div class=\"left-bloc\"><img decoding=\"async\" src=\"https:\/\/deltametal.fr\/wp-content\/uploads\/2023\/09\/D.png\" width=\"24\"><span class=\"number\">393<\/span>\n\t\t\t\t\t\t<\/div>\n\t\t\t\t\t\t<div class=\"title-best\">\n\t\t\t\t\t\t\t<h3>\n\t\t\t\t\t\t\t\t<a href=\"https:\/\/deltametal.fr\/es\/cuzn39pb3\/\">CuZn39Pb3<\/a>\n\t\t\t\t\t\t\t<\/h3>\n\t\t\t\t\t\t\t<h4>CW614N<\/h4>\n\t\t\t\t\t\t<\/div>\n\t\t\t\t\t<\/div><div class=\"fusion-clearfix\"><\/div><div class=\"col-sm-3 bestseller\" onclick=\"window.location.href = 'https:\/\/deltametal.fr\/es\/cuzn37\/'\">\n\t\t\t\t\t\t<div class=\"left-bloc\"><img decoding=\"async\" src=\"https:\/\/deltametal.fr\/wp-content\/uploads\/2023\/09\/D.png\" width=\"24\"><span class=\"number\">37<\/span>\n\t\t\t\t\t\t<\/div>\n\t\t\t\t\t\t<div class=\"title-best\">\n\t\t\t\t\t\t\t<h3>\n\t\t\t\t\t\t\t\t<a href=\"https:\/\/deltametal.fr\/es\/cuzn37\/\">CuZn37<\/a>\n\t\t\t\t\t\t\t<\/h3>\n\t\t\t\t\t\t\t<h4>CW508L<\/h4>\n\t\t\t\t\t\t<\/div>\n\t\t\t\t\t<\/div><div class=\"col-sm-3 bestseller\" onclick=\"window.location.href = 'https:\/\/deltametal.fr\/es\/cuzn19al6\/'\">\n\t\t\t\t\t\t<div class=\"left-bloc\"><img decoding=\"async\" src=\"https:\/\/deltametal.fr\/wp-content\/uploads\/2023\/09\/D.png\" width=\"24\"><span class=\"number\">196<\/span>\n\t\t\t\t\t\t<\/div>\n\t\t\t\t\t\t<div class=\"title-best\">\n\t\t\t\t\t\t\t<h3>\n\t\t\t\t\t\t\t\t<a href=\"https:\/\/deltametal.fr\/es\/cuzn19al6\/\">CuZn19Al6<\/a>\n\t\t\t\t\t\t\t<\/h3>\n\t\t\t\t\t\t\t<h4><\/h4>\n\t\t\t\t\t\t<\/div>\n\t\t\t\t\t<\/div><div class=\"col-sm-3 bestseller\" onclick=\"window.location.href = 'https:\/\/deltametal.fr\/es\/cual8fe3\/'\">\n\t\t\t\t\t\t<div class=\"left-bloc\"><img decoding=\"async\" src=\"https:\/\/deltametal.fr\/wp-content\/uploads\/2023\/09\/D.png\" width=\"24\"><span class=\"number\">208<\/span>\n\t\t\t\t\t\t<\/div>\n\t\t\t\t\t\t<div class=\"title-best\">\n\t\t\t\t\t\t\t<h3>\n\t\t\t\t\t\t\t\t<a href=\"https:\/\/deltametal.fr\/es\/cual8fe3\/\">CuAl8Fe3<\/a>\n\t\t\t\t\t\t\t<\/h3>\n\t\t\t\t\t\t\t<h4>CW303G<\/h4>\n\t\t\t\t\t\t<\/div>\n\t\t\t\t\t<\/div><div class=\"fusion-clearfix\"><\/div><div class=\"col-sm-3 bestseller\" onclick=\"window.location.href = 'https:\/\/deltametal.fr\/es\/cual10fe3mn2\/'\">\n\t\t\t\t\t\t<div class=\"left-bloc\"><img decoding=\"async\" src=\"https:\/\/deltametal.fr\/wp-content\/uploads\/2023\/09\/D.png\" width=\"24\"><span class=\"number\">210<\/span>\n\t\t\t\t\t\t<\/div>\n\t\t\t\t\t\t<div class=\"title-best\">\n\t\t\t\t\t\t\t<h3>\n\t\t\t\t\t\t\t\t<a href=\"https:\/\/deltametal.fr\/es\/cual10fe3mn2\/\">CuAl10Fe3Mn2<\/a>\n\t\t\t\t\t\t\t<\/h3>\n\t\t\t\t\t\t\t<h4>CW306G<\/h4>\n\t\t\t\t\t\t<\/div>\n\t\t\t\t\t<\/div><div class=\"col-sm-3 bestseller\" onclick=\"window.location.href = 'https:\/\/deltametal.fr\/es\/cual9ni3fe2\/'\">\n\t\t\t\t\t\t<div class=\"left-bloc\"><img decoding=\"async\" src=\"https:\/\/deltametal.fr\/wp-content\/uploads\/2023\/09\/D.png\" width=\"24\"><span class=\"number\">209<\/span>\n\t\t\t\t\t\t<\/div>\n\t\t\t\t\t\t<div class=\"title-best\">\n\t\t\t\t\t\t\t<h3>\n\t\t\t\t\t\t\t\t<a href=\"https:\/\/deltametal.fr\/es\/cual9ni3fe2\/\">CuAl9Ni3Fe2<\/a>\n\t\t\t\t\t\t\t<\/h3>\n\t\t\t\t\t\t\t<h4>CW304G<\/h4>\n\t\t\t\t\t\t<\/div>\n\t\t\t\t\t<\/div><div class=\"fusion-clearfix\"><\/div><\/div><div class=\"fusion-clearfix\"><\/div><\/div><\/div><\/div><\/div>","protected":false},"excerpt":{"rendered":"","protected":false},"author":3,"featured_media":0,"parent":878,"menu_order":0,"comment_status":"closed","ping_status":"closed","template":"100-width.php","meta":{"footnotes":""},"class_list":["post-1243","page","type-page","status-publish","hentry"],"yoast_head":"<!-- This site is optimized with the Yoast SEO plugin v27.4 - https:\/\/yoast.com\/product\/yoast-seo-wordpress\/ -->\n<title>M\u00e9canique - Secteurs d&#039;activit\u00e9s - Alliages - Nuances - Delta Metal<\/title>\n<meta name=\"robots\" content=\"index, follow, max-snippet:-1, max-image-preview:large, max-video-preview:-1\" \/>\n<link rel=\"canonical\" href=\"https:\/\/deltametal.fr\/es\/secteurs-dactivites-alliages\/mecanique\/\" \/>\n<meta property=\"og:locale\" content=\"es_ES\" \/>\n<meta property=\"og:type\" content=\"article\" \/>\n<meta property=\"og:title\" content=\"M\u00e9canique - Secteurs d&#039;activit\u00e9s - Alliages - Nuances - Delta Metal\" \/>\n<meta property=\"og:url\" content=\"https:\/\/deltametal.fr\/es\/secteurs-dactivites-alliages\/mecanique\/\" \/>\n<meta property=\"og:site_name\" content=\"Delta Metal\" \/>\n<meta property=\"article:modified_time\" content=\"2023-09-29T07:51:07+00:00\" \/>\n<meta name=\"twitter:card\" content=\"summary_large_image\" \/>\n<meta name=\"twitter:label1\" content=\"Tiempo de lectura\" \/>\n\t<meta name=\"twitter:data1\" content=\"1 minuto\" \/>\n<script type=\"application\/ld+json\" class=\"yoast-schema-graph\">{\"@context\":\"https:\\\/\\\/schema.org\",\"@graph\":[{\"@type\":\"WebPage\",\"@id\":\"https:\\\/\\\/deltametal.fr\\\/secteurs-dactivites-alliages\\\/mecanique\\\/\",\"url\":\"https:\\\/\\\/deltametal.fr\\\/secteurs-dactivites-alliages\\\/mecanique\\\/\",\"name\":\"M\u00e9canique - Secteurs d'activit\u00e9s - Alliages - Nuances - Delta Metal\",\"isPartOf\":{\"@id\":\"https:\\\/\\\/deltametal.fr\\\/#website\"},\"datePublished\":\"2016-10-24T09:50:43+00:00\",\"dateModified\":\"2023-09-29T07:51:07+00:00\",\"breadcrumb\":{\"@id\":\"https:\\\/\\\/deltametal.fr\\\/secteurs-dactivites-alliages\\\/mecanique\\\/#breadcrumb\"},\"inLanguage\":\"es\",\"potentialAction\":[{\"@type\":\"ReadAction\",\"target\":[\"https:\\\/\\\/deltametal.fr\\\/secteurs-dactivites-alliages\\\/mecanique\\\/\"]}]},{\"@type\":\"BreadcrumbList\",\"@id\":\"https:\\\/\\\/deltametal.fr\\\/secteurs-dactivites-alliages\\\/mecanique\\\/#breadcrumb\",\"itemListElement\":[{\"@type\":\"ListItem\",\"position\":1,\"name\":\"Accueil\",\"item\":\"https:\\\/\\\/deltametal.fr\\\/\"},{\"@type\":\"ListItem\",\"position\":2,\"name\":\"Secteurs d'activit\u00e9s\",\"item\":\"https:\\\/\\\/deltametal.fr\\\/secteurs-dactivites-alliages\\\/\"},{\"@type\":\"ListItem\",\"position\":3,\"name\":\"M\u00e9canique\"}]},{\"@type\":\"WebSite\",\"@id\":\"https:\\\/\\\/deltametal.fr\\\/#website\",\"url\":\"https:\\\/\\\/deltametal.fr\\\/\",\"name\":\"Delta Metal\",\"description\":\"Expert en demi-produits et pi\u00e8ces usin\u00e9es sur mesure de haute qualit\u00e9\",\"publisher\":{\"@id\":\"https:\\\/\\\/deltametal.fr\\\/#organization\"},\"potentialAction\":[{\"@type\":\"SearchAction\",\"target\":{\"@type\":\"EntryPoint\",\"urlTemplate\":\"https:\\\/\\\/deltametal.fr\\\/?s={search_term_string}\"},\"query-input\":{\"@type\":\"PropertyValueSpecification\",\"valueRequired\":true,\"valueName\":\"search_term_string\"}}],\"inLanguage\":\"es\"},{\"@type\":\"Organization\",\"@id\":\"https:\\\/\\\/deltametal.fr\\\/#organization\",\"name\":\"Delta Metal\",\"url\":\"https:\\\/\\\/deltametal.fr\\\/\",\"logo\":{\"@type\":\"ImageObject\",\"inLanguage\":\"es\",\"@id\":\"https:\\\/\\\/deltametal.fr\\\/#\\\/schema\\\/logo\\\/image\\\/\",\"url\":\"https:\\\/\\\/deltametal.fr\\\/wp-content\\\/uploads\\\/2017\\\/01\\\/delta-metal-demi-produits-pieces-usinees.png\",\"contentUrl\":\"https:\\\/\\\/deltametal.fr\\\/wp-content\\\/uploads\\\/2017\\\/01\\\/delta-metal-demi-produits-pieces-usinees.png\",\"width\":329,\"height\":109,\"caption\":\"Delta Metal\"},\"image\":{\"@id\":\"https:\\\/\\\/deltametal.fr\\\/#\\\/schema\\\/logo\\\/image\\\/\"}}]}<\/script>\n<!-- \/ Yoast SEO plugin. -->","yoast_head_json":{"title":"M\u00e9canique - Secteurs d'activit\u00e9s - Alliages - Nuances - Delta Metal","robots":{"index":"index","follow":"follow","max-snippet":"max-snippet:-1","max-image-preview":"max-image-preview:large","max-video-preview":"max-video-preview:-1"},"canonical":"https:\/\/deltametal.fr\/es\/secteurs-dactivites-alliages\/mecanique\/","og_locale":"es_ES","og_type":"article","og_title":"M\u00e9canique - Secteurs d'activit\u00e9s - Alliages - Nuances - Delta Metal","og_url":"https:\/\/deltametal.fr\/es\/secteurs-dactivites-alliages\/mecanique\/","og_site_name":"Delta Metal","article_modified_time":"2023-09-29T07:51:07+00:00","twitter_card":"summary_large_image","twitter_misc":{"Tiempo de lectura":"1 minuto"},"schema":{"@context":"https:\/\/schema.org","@graph":[{"@type":"WebPage","@id":"https:\/\/deltametal.fr\/secteurs-dactivites-alliages\/mecanique\/","url":"https:\/\/deltametal.fr\/secteurs-dactivites-alliages\/mecanique\/","name":"M\u00e9canique - Secteurs d'activit\u00e9s - Alliages - Nuances - Delta Metal","isPartOf":{"@id":"https:\/\/deltametal.fr\/#website"},"datePublished":"2016-10-24T09:50:43+00:00","dateModified":"2023-09-29T07:51:07+00:00","breadcrumb":{"@id":"https:\/\/deltametal.fr\/secteurs-dactivites-alliages\/mecanique\/#breadcrumb"},"inLanguage":"es","potentialAction":[{"@type":"ReadAction","target":["https:\/\/deltametal.fr\/secteurs-dactivites-alliages\/mecanique\/"]}]},{"@type":"BreadcrumbList","@id":"https:\/\/deltametal.fr\/secteurs-dactivites-alliages\/mecanique\/#breadcrumb","itemListElement":[{"@type":"ListItem","position":1,"name":"Accueil","item":"https:\/\/deltametal.fr\/"},{"@type":"ListItem","position":2,"name":"Secteurs d'activit\u00e9s","item":"https:\/\/deltametal.fr\/secteurs-dactivites-alliages\/"},{"@type":"ListItem","position":3,"name":"M\u00e9canique"}]},{"@type":"WebSite","@id":"https:\/\/deltametal.fr\/#website","url":"https:\/\/deltametal.fr\/","name":"metal delta","description":"Experto en productos semiacabados de alta calidad y piezas mecanizadas a medida.","publisher":{"@id":"https:\/\/deltametal.fr\/#organization"},"potentialAction":[{"@type":"SearchAction","target":{"@type":"EntryPoint","urlTemplate":"https:\/\/deltametal.fr\/?s={search_term_string}"},"query-input":{"@type":"PropertyValueSpecification","valueRequired":true,"valueName":"search_term_string"}}],"inLanguage":"es"},{"@type":"Organization","@id":"https:\/\/deltametal.fr\/#organization","name":"metal delta","url":"https:\/\/deltametal.fr\/","logo":{"@type":"ImageObject","inLanguage":"es","@id":"https:\/\/deltametal.fr\/#\/schema\/logo\/image\/","url":"https:\/\/deltametal.fr\/wp-content\/uploads\/2017\/01\/delta-metal-demi-produits-pieces-usinees.png","contentUrl":"https:\/\/deltametal.fr\/wp-content\/uploads\/2017\/01\/delta-metal-demi-produits-pieces-usinees.png","width":329,"height":109,"caption":"Delta Metal"},"image":{"@id":"https:\/\/deltametal.fr\/#\/schema\/logo\/image\/"}}]}},"_links":{"self":[{"href":"https:\/\/deltametal.fr\/es\/wp-json\/wp\/v2\/pages\/1243","targetHints":{"allow":["GET"]}}],"collection":[{"href":"https:\/\/deltametal.fr\/es\/wp-json\/wp\/v2\/pages"}],"about":[{"href":"https:\/\/deltametal.fr\/es\/wp-json\/wp\/v2\/types\/page"}],"author":[{"embeddable":true,"href":"https:\/\/deltametal.fr\/es\/wp-json\/wp\/v2\/users\/3"}],"replies":[{"embeddable":true,"href":"https:\/\/deltametal.fr\/es\/wp-json\/wp\/v2\/comments?post=1243"}],"version-history":[{"count":3,"href":"https:\/\/deltametal.fr\/es\/wp-json\/wp\/v2\/pages\/1243\/revisions"}],"predecessor-version":[{"id":22729,"href":"https:\/\/deltametal.fr\/es\/wp-json\/wp\/v2\/pages\/1243\/revisions\/22729"}],"up":[{"embeddable":true,"href":"https:\/\/deltametal.fr\/es\/wp-json\/wp\/v2\/pages\/878"}],"wp:attachment":[{"href":"https:\/\/deltametal.fr\/es\/wp-json\/wp\/v2\/media?parent=1243"}],"curies":[{"name":"gracias","href":"https:\/\/api.w.org\/{rel}","templated":true}]}}