{"id":1258,"date":"2016-10-24T16:21:41","date_gmt":"2016-10-24T14:21:41","guid":{"rendered":"http:\/\/deltametal.fr\/?page_id=1258"},"modified":"2024-06-21T15:50:18","modified_gmt":"2024-06-21T13:50:18","slug":"bronzes","status":"publish","type":"page","link":"https:\/\/deltametal.fr\/es\/alliages-secteurs-dactivites\/bronzes\/","title":{"rendered":"Bronces"},"content":{"rendered":"<p><div class=\"fusion-fullwidth fullwidth-box fusion-builder-row-1 has-pattern-background has-mask-background nonhundred-percent-fullwidth non-hundred-percent-height-scrolling postpage\" style=\"--awb-background-position:left top;--awb-border-sizes-top:0px;--awb-border-sizes-bottom:0px;--awb-border-sizes-left:0px;--awb-border-sizes-right:0px;--awb-border-radius-top-left:0px;--awb-border-radius-top-right:0px;--awb-border-radius-bottom-right:0px;--awb-border-radius-bottom-left:0px;--awb-flex-wrap:wrap;\" ><div class=\"fusion-builder-row fusion-row\"><div class=\"fusion-layout-column fusion_builder_column fusion-builder-column-0 fusion_builder_column_1_1 1_1 fusion-one-full fusion-column-first fusion-column-last fusion-column-no-min-height\" style=\"--awb-bg-size:cover;--awb-margin-bottom:0px;\"><div class=\"fusion-column-wrapper fusion-flex-column-wrapper-legacy\"><div class=\"bestseller-zone\"><div class=\"col-sm-3 bestseller\" onclick=\"window.location.href = 'https:\/\/deltametal.fr\/es\/cusn11pb2\/'\">\n\t\t\t\t\t\t<div class=\"left-bloc\"><img decoding=\"async\" src=\"https:\/\/deltametal.fr\/wp-content\/uploads\/2023\/09\/D.png\" width=\"24\"><span class=\"number\">112<\/span>\n\t\t\t\t\t\t<\/div>\n\t\t\t\t\t\t<div class=\"title-best\">\n\t\t\t\t\t\t\t<h3>\n\t\t\t\t\t\t\t\t<a href=\"https:\/\/deltametal.fr\/es\/cusn11pb2\/\">CuSn11Pb2<\/a>\n\t\t\t\t\t\t\t<\/h3>\n\t\t\t\t\t\t\t<h4>CC482K<\/h4>\n\t\t\t\t\t\t<\/div>\n\t\t\t\t\t<\/div><div class=\"col-sm-3 bestseller\" onclick=\"window.location.href = 'https:\/\/deltametal.fr\/es\/cusn8\/'\">\n\t\t\t\t\t\t<div class=\"left-bloc\"><img decoding=\"async\" src=\"https:\/\/deltametal.fr\/wp-content\/uploads\/2023\/09\/D.png\" width=\"24\"><span class=\"number\">8<\/span>\n\t\t\t\t\t\t<\/div>\n\t\t\t\t\t\t<div class=\"title-best\">\n\t\t\t\t\t\t\t<h3>\n\t\t\t\t\t\t\t\t<a href=\"https:\/\/deltametal.fr\/es\/cusn8\/\">CuSn8<\/a>\n\t\t\t\t\t\t\t<\/h3>\n\t\t\t\t\t\t\t<h4>CW453K<\/h4>\n\t\t\t\t\t\t<\/div>\n\t\t\t\t\t<\/div><div class=\"col-sm-3 bestseller\" onclick=\"window.location.href = 'https:\/\/deltametal.fr\/es\/cusn6\/'\">\n\t\t\t\t\t\t<div class=\"left-bloc\"><img decoding=\"async\" src=\"https:\/\/deltametal.fr\/wp-content\/uploads\/2023\/09\/D.png\" width=\"24\"><span class=\"number\">6<\/span>\n\t\t\t\t\t\t<\/div>\n\t\t\t\t\t\t<div class=\"title-best\">\n\t\t\t\t\t\t\t<h3>\n\t\t\t\t\t\t\t\t<a href=\"https:\/\/deltametal.fr\/es\/cusn6\/\">CuSn6<\/a>\n\t\t\t\t\t\t\t<\/h3>\n\t\t\t\t\t\t\t<h4>CW452K<\/h4>\n\t\t\t\t\t\t<\/div>\n\t\t\t\t\t<\/div><div class=\"fusion-clearfix\"><\/div><div class=\"col-sm-3 bestseller\" onclick=\"window.location.href = 'https:\/\/deltametal.fr\/es\/cusn7-cusn7zn4pb7\/'\">\n\t\t\t\t\t\t<div class=\"left-bloc\"><img decoding=\"async\" src=\"https:\/\/deltametal.fr\/wp-content\/uploads\/2023\/09\/D.png\" width=\"24\"><span class=\"number\">7<\/span>\n\t\t\t\t\t\t<\/div>\n\t\t\t\t\t\t<div class=\"title-best\">\n\t\t\t\t\t\t\t<h3>\n\t\t\t\t\t\t\t\t<a href=\"https:\/\/deltametal.fr\/es\/cusn7-cusn7zn4pb7\/\">CuSn7Zn4Pb7<\/a>\n\t\t\t\t\t\t\t<\/h3>\n\t\t\t\t\t\t\t<h4>CC493K<\/h4>\n\t\t\t\t\t\t<\/div>\n\t\t\t\t\t<\/div><div class=\"col-sm-3 bestseller\" onclick=\"window.location.href = 'https:\/\/deltametal.fr\/es\/cusn8-cusn8p\/'\">\n\t\t\t\t\t\t<div class=\"left-bloc\"><img decoding=\"async\" src=\"https:\/\/deltametal.fr\/wp-content\/uploads\/2023\/09\/D.png\" width=\"24\"><span class=\"number\">8P<\/span>\n\t\t\t\t\t\t<\/div>\n\t\t\t\t\t\t<div class=\"title-best\">\n\t\t\t\t\t\t\t<h3>\n\t\t\t\t\t\t\t\t<a href=\"https:\/\/deltametal.fr\/es\/cusn8-cusn8p\/\">CuSn8P<\/a>\n\t\t\t\t\t\t\t<\/h3>\n\t\t\t\t\t\t\t<h4>CW459K<\/h4>\n\t\t\t\t\t\t<\/div>\n\t\t\t\t\t<\/div><div class=\"col-sm-3 bestseller\" onclick=\"window.location.href = 'https:\/\/deltametal.fr\/es\/cusn12\/'\">\n\t\t\t\t\t\t<div class=\"left-bloc\"><img decoding=\"async\" src=\"https:\/\/deltametal.fr\/wp-content\/uploads\/2023\/09\/D.png\" width=\"24\"><span class=\"number\">12<\/span>\n\t\t\t\t\t\t<\/div>\n\t\t\t\t\t\t<div class=\"title-best\">\n\t\t\t\t\t\t\t<h3>\n\t\t\t\t\t\t\t\t<a href=\"https:\/\/deltametal.fr\/es\/cusn12\/\">CuSn12<\/a>\n\t\t\t\t\t\t\t<\/h3>\n\t\t\t\t\t\t\t<h4>CC483K<\/h4>\n\t\t\t\t\t\t<\/div>\n\t\t\t\t\t<\/div><div class=\"fusion-clearfix\"><\/div><div class=\"col-sm-3 bestseller\" onclick=\"window.location.href = 'https:\/\/deltametal.fr\/es\/cusn12ni2\/'\">\n\t\t\t\t\t\t<div class=\"left-bloc\"><img decoding=\"async\" src=\"https:\/\/deltametal.fr\/wp-content\/uploads\/2023\/09\/D.png\" width=\"24\"><span class=\"number\">121<\/span>\n\t\t\t\t\t\t<\/div>\n\t\t\t\t\t\t<div class=\"title-best\">\n\t\t\t\t\t\t\t<h3>\n\t\t\t\t\t\t\t\t<a href=\"https:\/\/deltametal.fr\/es\/cusn12ni2\/\">CuSn12Ni2<\/a>\n\t\t\t\t\t\t\t<\/h3>\n\t\t\t\t\t\t\t<h4>CC484K<\/h4>\n\t\t\t\t\t\t<\/div>\n\t\t\t\t\t<\/div><div class=\"fusion-clearfix\"><\/div><\/div><div class=\"fusion-clearfix\"><\/div><\/div><\/div><\/div><\/div><div class=\"fusion-fullwidth fullwidth-box fusion-builder-row-2 fusion-flex-container has-pattern-background has-mask-background nonhundred-percent-fullwidth non-hundred-percent-height-scrolling\" style=\"--awb-border-radius-top-left:0px;--awb-border-radius-top-right:0px;--awb-border-radius-bottom-right:0px;--awb-border-radius-bottom-left:0px;--awb-margin-top:30px;--awb-flex-wrap:wrap;\" ><div class=\"fusion-builder-row fusion-row fusion-flex-align-items-flex-start fusion-flex-content-wrap\" style=\"max-width:1456px;margin-left: calc(-4% \/ 2 );margin-right: calc(-4% \/ 2 );\"><div class=\"fusion-layout-column fusion_builder_column fusion-builder-column-1 fusion_builder_column_3_4 3_4 fusion-flex-column\" style=\"--awb-bg-size:cover;--awb-width-large:75%;--awb-margin-top-large:0px;--awb-spacing-right-large:2.56%;--awb-margin-bottom-large:20px;--awb-spacing-left-large:2.56%;--awb-width-medium:100%;--awb-order-medium:0;--awb-spacing-right-medium:1.92%;--awb-spacing-left-medium:1.92%;--awb-width-small:100%;--awb-order-small:0;--awb-spacing-right-small:1.92%;--awb-spacing-left-small:1.92%;\"><div class=\"fusion-column-wrapper fusion-column-has-shadow fusion-flex-justify-content-flex-start fusion-content-layout-column\"><div class=\"fusion-text fusion-text-1\"><p>El bronce es una aleaci\u00f3n compuesta principalmente por cobre (&gt;54%) y una proporci\u00f3n variable de esta\u00f1o. Material que combina resistencia al desgaste, buenas propiedades de deslizamiento, buena conductividad el\u00e9ctrica y maquinabilidad, el bronce es la aleaci\u00f3n de referencia para aplicaciones mec\u00e1nicas. Disponible en diferentes tonalidades, se puede fundir, estirar, centrifugar o laminar para satisfacer todas las necesidades. Se utiliza principalmente para la producci\u00f3n de engranajes, cojinetes, anillos, tuercas, cojinetes, correderas, etc. Debido a su resistencia media a la corrosi\u00f3n, las aleaciones de cupro-aluminio se prefieren para aplicaciones en ambientes marinos.<\/p>\n<\/div><\/div><\/div><\/div><\/div><\/p>","protected":false},"excerpt":{"rendered":"","protected":false},"author":3,"featured_media":0,"parent":894,"menu_order":0,"comment_status":"closed","ping_status":"closed","template":"100-width.php","meta":{"footnotes":""},"class_list":["post-1258","page","type-page","status-publish","hentry"],"yoast_head":"<!-- This site is optimized with the Yoast SEO plugin v27.2 - https:\/\/yoast.com\/product\/yoast-seo-wordpress\/ -->\n<title>Bronzes - Alliages - Nuances - Delta Metal<\/title>\n<meta name=\"robots\" content=\"index, follow, max-snippet:-1, max-image-preview:large, max-video-preview:-1\" \/>\n<link rel=\"canonical\" href=\"https:\/\/deltametal.fr\/es\/alliages-secteurs-dactivites\/bronzes\/\" \/>\n<meta property=\"og:locale\" content=\"es_ES\" \/>\n<meta property=\"og:type\" content=\"article\" \/>\n<meta property=\"og:title\" content=\"Bronzes - Alliages - Nuances - Delta Metal\" \/>\n<meta property=\"og:url\" content=\"https:\/\/deltametal.fr\/es\/alliages-secteurs-dactivites\/bronzes\/\" \/>\n<meta property=\"og:site_name\" content=\"Delta Metal\" \/>\n<meta property=\"article:modified_time\" content=\"2024-06-21T13:50:18+00:00\" \/>\n<meta name=\"twitter:card\" content=\"summary_large_image\" \/>\n<meta name=\"twitter:label1\" content=\"Tiempo de lectura\" \/>\n\t<meta name=\"twitter:data1\" content=\"2 minutos\" \/>\n<script type=\"application\/ld+json\" class=\"yoast-schema-graph\">{\"@context\":\"https:\/\/schema.org\",\"@graph\":[{\"@type\":\"WebPage\",\"@id\":\"https:\/\/deltametal.fr\/alliages-secteurs-dactivites\/bronzes\/\",\"url\":\"https:\/\/deltametal.fr\/alliages-secteurs-dactivites\/bronzes\/\",\"name\":\"Bronzes - Alliages - Nuances - Delta Metal\",\"isPartOf\":{\"@id\":\"https:\/\/deltametal.fr\/#website\"},\"datePublished\":\"2016-10-24T14:21:41+00:00\",\"dateModified\":\"2024-06-21T13:50:18+00:00\",\"breadcrumb\":{\"@id\":\"https:\/\/deltametal.fr\/alliages-secteurs-dactivites\/bronzes\/#breadcrumb\"},\"inLanguage\":\"es\",\"potentialAction\":[{\"@type\":\"ReadAction\",\"target\":[\"https:\/\/deltametal.fr\/alliages-secteurs-dactivites\/bronzes\/\"]}]},{\"@type\":\"BreadcrumbList\",\"@id\":\"https:\/\/deltametal.fr\/alliages-secteurs-dactivites\/bronzes\/#breadcrumb\",\"itemListElement\":[{\"@type\":\"ListItem\",\"position\":1,\"name\":\"Accueil\",\"item\":\"https:\/\/deltametal.fr\/\"},{\"@type\":\"ListItem\",\"position\":2,\"name\":\"Nos produits\",\"item\":\"https:\/\/deltametal.fr\/alliages-secteurs-dactivites\/\"},{\"@type\":\"ListItem\",\"position\":3,\"name\":\"Bronzes\"}]},{\"@type\":\"WebSite\",\"@id\":\"https:\/\/deltametal.fr\/#website\",\"url\":\"https:\/\/deltametal.fr\/\",\"name\":\"Delta Metal\",\"description\":\"Expert en demi-produits et pi\u00e8ces usin\u00e9es sur mesure de haute qualit\u00e9\",\"publisher\":{\"@id\":\"https:\/\/deltametal.fr\/#organization\"},\"potentialAction\":[{\"@type\":\"SearchAction\",\"target\":{\"@type\":\"EntryPoint\",\"urlTemplate\":\"https:\/\/deltametal.fr\/?s={search_term_string}\"},\"query-input\":{\"@type\":\"PropertyValueSpecification\",\"valueRequired\":true,\"valueName\":\"search_term_string\"}}],\"inLanguage\":\"es\"},{\"@type\":\"Organization\",\"@id\":\"https:\/\/deltametal.fr\/#organization\",\"name\":\"Delta Metal\",\"url\":\"https:\/\/deltametal.fr\/\",\"logo\":{\"@type\":\"ImageObject\",\"inLanguage\":\"es\",\"@id\":\"https:\/\/deltametal.fr\/#\/schema\/logo\/image\/\",\"url\":\"https:\/\/deltametal.fr\/wp-content\/uploads\/2017\/01\/delta-metal-demi-produits-pieces-usinees.png\",\"contentUrl\":\"https:\/\/deltametal.fr\/wp-content\/uploads\/2017\/01\/delta-metal-demi-produits-pieces-usinees.png\",\"width\":329,\"height\":109,\"caption\":\"Delta Metal\"},\"image\":{\"@id\":\"https:\/\/deltametal.fr\/#\/schema\/logo\/image\/\"}}]}<\/script>\n<!-- \/ Yoast SEO plugin. -->","yoast_head_json":{"title":"Bronzes - Alliages - Nuances - Delta Metal","robots":{"index":"index","follow":"follow","max-snippet":"max-snippet:-1","max-image-preview":"max-image-preview:large","max-video-preview":"max-video-preview:-1"},"canonical":"https:\/\/deltametal.fr\/es\/alliages-secteurs-dactivites\/bronzes\/","og_locale":"es_ES","og_type":"article","og_title":"Bronzes - Alliages - Nuances - Delta Metal","og_url":"https:\/\/deltametal.fr\/es\/alliages-secteurs-dactivites\/bronzes\/","og_site_name":"Delta Metal","article_modified_time":"2024-06-21T13:50:18+00:00","twitter_card":"summary_large_image","twitter_misc":{"Tiempo de lectura":"2 minutos"},"schema":{"@context":"https:\/\/schema.org","@graph":[{"@type":"WebPage","@id":"https:\/\/deltametal.fr\/alliages-secteurs-dactivites\/bronzes\/","url":"https:\/\/deltametal.fr\/alliages-secteurs-dactivites\/bronzes\/","name":"Bronzes - Alliages - Nuances - Delta Metal","isPartOf":{"@id":"https:\/\/deltametal.fr\/#website"},"datePublished":"2016-10-24T14:21:41+00:00","dateModified":"2024-06-21T13:50:18+00:00","breadcrumb":{"@id":"https:\/\/deltametal.fr\/alliages-secteurs-dactivites\/bronzes\/#breadcrumb"},"inLanguage":"es","potentialAction":[{"@type":"ReadAction","target":["https:\/\/deltametal.fr\/alliages-secteurs-dactivites\/bronzes\/"]}]},{"@type":"BreadcrumbList","@id":"https:\/\/deltametal.fr\/alliages-secteurs-dactivites\/bronzes\/#breadcrumb","itemListElement":[{"@type":"ListItem","position":1,"name":"Accueil","item":"https:\/\/deltametal.fr\/"},{"@type":"ListItem","position":2,"name":"Nos produits","item":"https:\/\/deltametal.fr\/alliages-secteurs-dactivites\/"},{"@type":"ListItem","position":3,"name":"Bronzes"}]},{"@type":"WebSite","@id":"https:\/\/deltametal.fr\/#website","url":"https:\/\/deltametal.fr\/","name":"metal delta","description":"Experto en productos semiacabados de alta calidad y piezas mecanizadas a medida.","publisher":{"@id":"https:\/\/deltametal.fr\/#organization"},"potentialAction":[{"@type":"SearchAction","target":{"@type":"EntryPoint","urlTemplate":"https:\/\/deltametal.fr\/?s={search_term_string}"},"query-input":{"@type":"PropertyValueSpecification","valueRequired":true,"valueName":"search_term_string"}}],"inLanguage":"es"},{"@type":"Organization","@id":"https:\/\/deltametal.fr\/#organization","name":"metal delta","url":"https:\/\/deltametal.fr\/","logo":{"@type":"ImageObject","inLanguage":"es","@id":"https:\/\/deltametal.fr\/#\/schema\/logo\/image\/","url":"https:\/\/deltametal.fr\/wp-content\/uploads\/2017\/01\/delta-metal-demi-produits-pieces-usinees.png","contentUrl":"https:\/\/deltametal.fr\/wp-content\/uploads\/2017\/01\/delta-metal-demi-produits-pieces-usinees.png","width":329,"height":109,"caption":"Delta Metal"},"image":{"@id":"https:\/\/deltametal.fr\/#\/schema\/logo\/image\/"}}]}},"_links":{"self":[{"href":"https:\/\/deltametal.fr\/es\/wp-json\/wp\/v2\/pages\/1258","targetHints":{"allow":["GET"]}}],"collection":[{"href":"https:\/\/deltametal.fr\/es\/wp-json\/wp\/v2\/pages"}],"about":[{"href":"https:\/\/deltametal.fr\/es\/wp-json\/wp\/v2\/types\/page"}],"author":[{"embeddable":true,"href":"https:\/\/deltametal.fr\/es\/wp-json\/wp\/v2\/users\/3"}],"replies":[{"embeddable":true,"href":"https:\/\/deltametal.fr\/es\/wp-json\/wp\/v2\/comments?post=1258"}],"version-history":[{"count":5,"href":"https:\/\/deltametal.fr\/es\/wp-json\/wp\/v2\/pages\/1258\/revisions"}],"predecessor-version":[{"id":24657,"href":"https:\/\/deltametal.fr\/es\/wp-json\/wp\/v2\/pages\/1258\/revisions\/24657"}],"up":[{"embeddable":true,"href":"https:\/\/deltametal.fr\/es\/wp-json\/wp\/v2\/pages\/894"}],"wp:attachment":[{"href":"https:\/\/deltametal.fr\/es\/wp-json\/wp\/v2\/media?parent=1258"}],"curies":[{"name":"gracias","href":"https:\/\/api.w.org\/{rel}","templated":true}]}}