{"id":26090,"date":"2025-05-02T16:34:44","date_gmt":"2025-05-02T14:34:44","guid":{"rendered":"https:\/\/deltametal.fr\/panier\/"},"modified":"2025-07-09T10:27:42","modified_gmt":"2025-07-09T08:27:42","slug":"panier","status":"publish","type":"page","link":"https:\/\/deltametal.fr\/es\/panier\/","title":{"rendered":"Cesta"},"content":{"rendered":"<div data-block-name=\"woocommerce\/cart\" class=\"wp-block-woocommerce-cart alignwide is-loading\">\r\n<div data-block-name=\"woocommerce\/filled-cart-block\" class=\"wp-block-woocommerce-filled-cart-block\">\r\n<div data-block-name=\"woocommerce\/cart-items-block\" class=\"wp-block-woocommerce-cart-items-block\">\r\n<div data-block-name=\"woocommerce\/cart-line-items-block\" class=\"wp-block-woocommerce-cart-line-items-block\">\u00a0<\/div>\r\n<\/div>\r\n\r\n\r\n\r\n<div data-block-name=\"woocommerce\/cart-totals-block\" class=\"wp-block-woocommerce-cart-totals-block\">\r\n<div data-block-name=\"woocommerce\/cart-order-summary-block\" class=\"wp-block-woocommerce-cart-order-summary-block\">\r\n<div data-block-name=\"woocommerce\/cart-order-summary-heading-block\" class=\"wp-block-woocommerce-cart-order-summary-heading-block\">\u00a0<\/div>\r\n\r\n\r\n\r\n<div data-block-name=\"woocommerce\/cart-order-summary-coupon-form-block\" class=\"wp-block-woocommerce-cart-order-summary-coupon-form-block\">\u00a0<\/div>\r\n\r\n\r\n\r\n\r\n\r\n\r\n\r\n\r\n\r\n\r\n\r\n\r\n\r\n\r\n\r\n\r\n\r\n\r\n\r\n<div data-block-name=\"woocommerce\/cart-order-summary-totals-block\" class=\"wp-block-woocommerce-cart-order-summary-totals-block\">\n<div data-block-name=\"woocommerce\/cart-order-summary-subtotal-block\" class=\"wp-block-woocommerce-cart-order-summary-subtotal-block\">\u00a0<\/div>\n<div data-block-name=\"woocommerce\/cart-order-summary-discount-block\" class=\"wp-block-woocommerce-cart-order-summary-discount-block\">\u00a0<\/div>\n<div data-block-name=\"woocommerce\/cart-order-summary-fee-block\" class=\"wp-block-woocommerce-cart-order-summary-fee-block\">\u00a0<\/div>\n<div data-block-name=\"woocommerce\/cart-order-summary-shipping-block\" class=\"wp-block-woocommerce-cart-order-summary-shipping-block\">\u00a0<\/div>\n<div data-block-name=\"woocommerce\/cart-order-summary-taxes-block\" class=\"wp-block-woocommerce-cart-order-summary-taxes-block\">\u00a0<\/div><\/div>\r\n<\/div>\r\n\r\n\r\n\r\n<div data-block-name=\"woocommerce\/cart-express-payment-block\" class=\"wp-block-woocommerce-cart-express-payment-block\">\u00a0<\/div>\r\n \r\n\r\n\r\n\r\n<div data-block-name=\"woocommerce\/proceed-to-checkout-block\" class=\"wp-block-woocommerce-proceed-to-checkout-block\">\u00a0<\/div>\r\n\r\n\r\n\r\n<div data-block-name=\"woocommerce\/cart-accepted-payment-methods-block\" class=\"wp-block-woocommerce-cart-accepted-payment-methods-block\">\u00a0<\/div>\r\n<\/div>\r\n<\/div>\r\n\r\n\r\n\r\n<div data-block-name=\"woocommerce\/empty-cart-block\" class=\"wp-block-woocommerce-empty-cart-block\">\r\n<h2 class=\"wp-block-heading has-text-align-center wc-block-cart__empty-cart__title\">\u00a1Tu carrito de compras est\u00e1 vac\u00edo!<\/h2>\r\n<p class=\"has-text-align-center\"><a href=\"https:\/\/deltametal.fr\/configurateur-de-produits\/\">A\u00f1ade productos a tu carrito<\/a><\/p>\r\n<\/div>\r\n<\/div>","protected":false},"excerpt":{"rendered":"","protected":false},"author":6,"featured_media":0,"parent":0,"menu_order":0,"comment_status":"closed","ping_status":"closed","template":"","meta":{"footnotes":""},"class_list":["post-26090","page","type-page","status-publish","hentry"],"yoast_head":"<!-- This site is optimized with the Yoast SEO plugin v27.4 - https:\/\/yoast.com\/product\/yoast-seo-wordpress\/ -->\n<title>Panier - Delta Metal<\/title>\n<meta name=\"robots\" content=\"index, follow, max-snippet:-1, max-image-preview:large, max-video-preview:-1\" \/>\n<link rel=\"canonical\" href=\"https:\/\/deltametal.fr\/es\/panier\/\" \/>\n<meta property=\"og:locale\" content=\"es_ES\" \/>\n<meta property=\"og:type\" content=\"article\" \/>\n<meta property=\"og:title\" content=\"Panier - Delta Metal\" \/>\n<meta property=\"og:url\" content=\"https:\/\/deltametal.fr\/es\/panier\/\" \/>\n<meta property=\"og:site_name\" content=\"Delta Metal\" \/>\n<meta property=\"article:modified_time\" content=\"2025-07-09T08:27:42+00:00\" \/>\n<meta name=\"twitter:card\" content=\"summary_large_image\" \/>\n<meta name=\"twitter:label1\" content=\"Tiempo de lectura\" \/>\n\t<meta name=\"twitter:data1\" content=\"1 minuto\" \/>\n<script type=\"application\/ld+json\" class=\"yoast-schema-graph\">{\"@context\":\"https:\\\/\\\/schema.org\",\"@graph\":[{\"@type\":\"WebPage\",\"@id\":\"https:\\\/\\\/deltametal.fr\\\/panier\\\/\",\"url\":\"https:\\\/\\\/deltametal.fr\\\/panier\\\/\",\"name\":\"Panier - Delta Metal\",\"isPartOf\":{\"@id\":\"https:\\\/\\\/deltametal.fr\\\/#website\"},\"datePublished\":\"2025-05-02T14:34:44+00:00\",\"dateModified\":\"2025-07-09T08:27:42+00:00\",\"breadcrumb\":{\"@id\":\"https:\\\/\\\/deltametal.fr\\\/panier\\\/#breadcrumb\"},\"inLanguage\":\"es\",\"potentialAction\":[{\"@type\":\"ReadAction\",\"target\":[\"https:\\\/\\\/deltametal.fr\\\/panier\\\/\"]}]},{\"@type\":\"BreadcrumbList\",\"@id\":\"https:\\\/\\\/deltametal.fr\\\/panier\\\/#breadcrumb\",\"itemListElement\":[{\"@type\":\"ListItem\",\"position\":1,\"name\":\"Accueil\",\"item\":\"https:\\\/\\\/deltametal.fr\\\/\"},{\"@type\":\"ListItem\",\"position\":2,\"name\":\"Panier\"}]},{\"@type\":\"WebSite\",\"@id\":\"https:\\\/\\\/deltametal.fr\\\/#website\",\"url\":\"https:\\\/\\\/deltametal.fr\\\/\",\"name\":\"Delta Metal\",\"description\":\"Expert en demi-produits et pi\u00e8ces usin\u00e9es sur mesure de haute qualit\u00e9\",\"publisher\":{\"@id\":\"https:\\\/\\\/deltametal.fr\\\/#organization\"},\"potentialAction\":[{\"@type\":\"SearchAction\",\"target\":{\"@type\":\"EntryPoint\",\"urlTemplate\":\"https:\\\/\\\/deltametal.fr\\\/?s={search_term_string}\"},\"query-input\":{\"@type\":\"PropertyValueSpecification\",\"valueRequired\":true,\"valueName\":\"search_term_string\"}}],\"inLanguage\":\"es\"},{\"@type\":\"Organization\",\"@id\":\"https:\\\/\\\/deltametal.fr\\\/#organization\",\"name\":\"Delta Metal\",\"url\":\"https:\\\/\\\/deltametal.fr\\\/\",\"logo\":{\"@type\":\"ImageObject\",\"inLanguage\":\"es\",\"@id\":\"https:\\\/\\\/deltametal.fr\\\/#\\\/schema\\\/logo\\\/image\\\/\",\"url\":\"https:\\\/\\\/deltametal.fr\\\/wp-content\\\/uploads\\\/2017\\\/01\\\/delta-metal-demi-produits-pieces-usinees.png\",\"contentUrl\":\"https:\\\/\\\/deltametal.fr\\\/wp-content\\\/uploads\\\/2017\\\/01\\\/delta-metal-demi-produits-pieces-usinees.png\",\"width\":329,\"height\":109,\"caption\":\"Delta Metal\"},\"image\":{\"@id\":\"https:\\\/\\\/deltametal.fr\\\/#\\\/schema\\\/logo\\\/image\\\/\"}}]}<\/script>\n<!-- \/ Yoast SEO plugin. -->","yoast_head_json":{"title":"Cesta - Delta Metal","robots":{"index":"index","follow":"follow","max-snippet":"max-snippet:-1","max-image-preview":"max-image-preview:large","max-video-preview":"max-video-preview:-1"},"canonical":"https:\/\/deltametal.fr\/es\/panier\/","og_locale":"es_ES","og_type":"article","og_title":"Panier - Delta Metal","og_url":"https:\/\/deltametal.fr\/es\/panier\/","og_site_name":"Delta Metal","article_modified_time":"2025-07-09T08:27:42+00:00","twitter_card":"summary_large_image","twitter_misc":{"Tiempo de lectura":"1 minuto"},"schema":{"@context":"https:\/\/schema.org","@graph":[{"@type":"WebPage","@id":"https:\/\/deltametal.fr\/panier\/","url":"https:\/\/deltametal.fr\/panier\/","name":"Cesta - Delta Metal","isPartOf":{"@id":"https:\/\/deltametal.fr\/#website"},"datePublished":"2025-05-02T14:34:44+00:00","dateModified":"2025-07-09T08:27:42+00:00","breadcrumb":{"@id":"https:\/\/deltametal.fr\/panier\/#breadcrumb"},"inLanguage":"es","potentialAction":[{"@type":"ReadAction","target":["https:\/\/deltametal.fr\/panier\/"]}]},{"@type":"BreadcrumbList","@id":"https:\/\/deltametal.fr\/panier\/#breadcrumb","itemListElement":[{"@type":"ListItem","position":1,"name":"Accueil","item":"https:\/\/deltametal.fr\/"},{"@type":"ListItem","position":2,"name":"Panier"}]},{"@type":"WebSite","@id":"https:\/\/deltametal.fr\/#website","url":"https:\/\/deltametal.fr\/","name":"metal delta","description":"Experto en productos semiacabados de alta calidad y piezas mecanizadas a medida.","publisher":{"@id":"https:\/\/deltametal.fr\/#organization"},"potentialAction":[{"@type":"SearchAction","target":{"@type":"EntryPoint","urlTemplate":"https:\/\/deltametal.fr\/?s={search_term_string}"},"query-input":{"@type":"PropertyValueSpecification","valueRequired":true,"valueName":"search_term_string"}}],"inLanguage":"es"},{"@type":"Organization","@id":"https:\/\/deltametal.fr\/#organization","name":"metal delta","url":"https:\/\/deltametal.fr\/","logo":{"@type":"ImageObject","inLanguage":"es","@id":"https:\/\/deltametal.fr\/#\/schema\/logo\/image\/","url":"https:\/\/deltametal.fr\/wp-content\/uploads\/2017\/01\/delta-metal-demi-produits-pieces-usinees.png","contentUrl":"https:\/\/deltametal.fr\/wp-content\/uploads\/2017\/01\/delta-metal-demi-produits-pieces-usinees.png","width":329,"height":109,"caption":"Delta Metal"},"image":{"@id":"https:\/\/deltametal.fr\/#\/schema\/logo\/image\/"}}]}},"_links":{"self":[{"href":"https:\/\/deltametal.fr\/es\/wp-json\/wp\/v2\/pages\/26090","targetHints":{"allow":["GET"]}}],"collection":[{"href":"https:\/\/deltametal.fr\/es\/wp-json\/wp\/v2\/pages"}],"about":[{"href":"https:\/\/deltametal.fr\/es\/wp-json\/wp\/v2\/types\/page"}],"author":[{"embeddable":true,"href":"https:\/\/deltametal.fr\/es\/wp-json\/wp\/v2\/users\/6"}],"replies":[{"embeddable":true,"href":"https:\/\/deltametal.fr\/es\/wp-json\/wp\/v2\/comments?post=26090"}],"version-history":[{"count":11,"href":"https:\/\/deltametal.fr\/es\/wp-json\/wp\/v2\/pages\/26090\/revisions"}],"predecessor-version":[{"id":26282,"href":"https:\/\/deltametal.fr\/es\/wp-json\/wp\/v2\/pages\/26090\/revisions\/26282"}],"wp:attachment":[{"href":"https:\/\/deltametal.fr\/es\/wp-json\/wp\/v2\/media?parent=26090"}],"curies":[{"name":"gracias","href":"https:\/\/api.w.org\/{rel}","templated":true}]}}