{"id":3736,"date":"2019-06-17T16:18:48","date_gmt":"2019-06-17T14:18:48","guid":{"rendered":"https:\/\/deltametal.fr\/?page_id=3736"},"modified":"2019-06-17T16:20:18","modified_gmt":"2019-06-17T14:20:18","slug":"politique-de-confidentialite","status":"publish","type":"page","link":"https:\/\/deltametal.fr\/es\/politique-de-confidentialite\/","title":{"rendered":"Pol\u00edtica de confidencialidad"},"content":{"rendered":"<div class=\"fusion-fullwidth fullwidth-box fusion-builder-row-1 nonhundred-percent-fullwidth non-hundred-percent-height-scrolling\" style=\"--awb-border-radius-top-left:0px;--awb-border-radius-top-right:0px;--awb-border-radius-bottom-right:0px;--awb-border-radius-bottom-left:0px;--awb-margin-top:80px;--awb-margin-bottom:50px;--awb-flex-wrap:wrap;\" ><div class=\"fusion-builder-row fusion-row\"><div class=\"fusion-layout-column fusion_builder_column fusion-builder-column-0 fusion_builder_column_1_1 1_1 fusion-one-full fusion-column-first fusion-column-last\" style=\"--awb-bg-size:cover;\"><div class=\"fusion-column-wrapper fusion-column-has-shadow fusion-flex-column-wrapper-legacy\"><div class=\"fusion-text fusion-text-1\"><h1>Pol\u00edtica de confidencialidad<\/h1>\n<\/div><div class=\"fusion-sep-clear\"><\/div><div class=\"fusion-separator fusion-full-width-sep\" style=\"margin-left: auto;margin-right: auto;margin-top:80px;width:100%;\"><\/div><div class=\"fusion-sep-clear\"><\/div><div class=\"fusion-text fusion-text-2\"><p>La pol\u00edtica que se expone a continuaci\u00f3n se aplica al tratamiento de datos personales realizado por la empresa DELTA METAL<\/p>\n<h3>Identificaci\u00f3n de la compa\u00f1ia<\/h3>\n<p>DELTA METAL SARL<strong>\u00a0<\/strong>de Derecho franc\u00e9s, con un capital de 18.625 euros, inscrita en el Registro Mercantil y de Sociedades de Colmar con el n\u00famero 98 B 209, con domicilio social en 12, rue du 9\u00e8 Zouaves, 68140 MUNSTER, representada por el Sr. Philippe HERRMANN, debidamente autorizado en su calidad de Gerente.<\/p>\n<h3>1 \u2013 Disposiciones generales<\/h3>\n<p>Las siguientes disposiciones se refieren a todo tratamiento de datos personales realizado por el responsable del tratamiento, salvo que se establezca lo contrario en las disposiciones espec\u00edficas.<\/p>\n<p><strong>&gt; Marco legal: cumplimiento del RGPD y de la legislaci\u00f3n francesa<\/strong><\/p>\n<p>El tratamiento de datos personales se realiza de conformidad con el Reglamento (UE) 2016\/679 del Parlamento Europeo y del Consejo, de 27 de abril de 2016, relativo a la protecci\u00f3n de las personas f\u00edsicas en lo que respecta al tratamiento de datos personales y a la libre circulaci\u00f3n de estos datos (en adelante, RGPD) y la ley francesa n\u00b0 78-17 del 6 de enero de 1978 relativa al procesamiento de datos, archivos y libertades (modificada).<\/p>\n<p><strong>&gt; Responsable del tratamiento y otras partes interesadas<\/strong><\/p>\n<p>El responsable del tratamiento est\u00e1 identificado anteriormente. Sus datos de contacto son: Philippe HERRMANN, <a href=\"mailto:info@deltametal.fr\">info@deltametal.fr<\/a>, 03.89.77.99.00<\/p>\n<p><strong>&gt; Duraci\u00f3n de la conservaci\u00f3n de los datos personales<\/strong><\/p>\n<p>Los datos se conservar\u00e1n durante 3 a\u00f1os desde el \u00faltimo contacto (solicitud, presupuesto, pedido, entrega, factura)<\/p>\n<p><strong>&gt; Derechos de la persona cuyos datos se recogen<\/strong><\/p>\n<p>De conformidad con la Ley \u201cInform\u00e1tica y Libertades\u201d de 6 de enero de 1978 y el Reglamento (UE) 2016\/679 de 27 de abril de 2016, los usuarios tienen un derecho individual de acceso, rectificaci\u00f3n, supresi\u00f3n, limitaci\u00f3n, oposici\u00f3n y portabilidad de los datos que les conciernen. .,<\/p>\n<p>Estos derechos podr\u00e1n ejercitarse enviando una solicitud por escrito a la siguiente direcci\u00f3n:<br \/>\nDirecci\u00f3n de correo electr\u00f3nico : <a href=\"mailto:info@deltametal.fr\">info@deltametal.fr<\/a><\/p>\n<p><strong>&gt; Seguridad de los datos recopilados<\/strong><\/p>\n<p>DELTA METAL se compromete a garantizar la confidencialidad de los datos recopilados y a implementar todas las medidas t\u00e9cnicas y organizativas adecuadas para preservar su seguridad e integridad, en particular contra la p\u00e9rdida accidental, la alteraci\u00f3n, la difusi\u00f3n o el acceso no autorizado.<\/p>\n<p>Como tal, DELTA METAL tambi\u00e9n se compromete a:<\/p>\n<p>\u2013 Alojar los datos dentro de la Uni\u00f3n Europea;<br \/>\n\u2013 No utilizar los datos para fines distintos a los aqu\u00ed especificados;<br \/>\n\u2013 No comunicar datos a terceros<br \/>\n\u2013 Informar a los usuarios de cualquier violaci\u00f3n de seguridad o violaci\u00f3n que tenga consecuencias directas o indirectas sobre los datos y\/o que pueda dar lugar a una divulgaci\u00f3n accidental o un acceso no autorizado a los datos.<\/p>\n<p><strong>&gt; Toma de decisiones automatizada \u2013 elaboraci\u00f3n de perfiles<\/strong><\/p>\n<p>Salvo que se establezca lo contrario en las disposiciones espec\u00edficas, no se realizar\u00e1 ninguna elaboraci\u00f3n de perfiles y, en general, no se tomar\u00e1n decisiones automatizadas en base a los datos recopilados.<strong>\u00a0<\/strong><\/p>\n<h3>2 \u2013 Disposiciones espec\u00edficas<\/h3>\n<p>Las siguientes disposiciones son espec\u00edficas para cada tipo de procesamiento de datos personales.<\/p>\n<p><strong>&gt; Datos recopilados:<\/strong><\/p>\n<p>Procesamos los siguientes datos personales:<\/p>\n<p>T\u00edtulo, Nombre, Apellidos, Datos telef\u00f3nicos, Direcci\u00f3n profesional, Direcci\u00f3n de correo electr\u00f3nico, Departamento, Profesi\u00f3n<\/p>\n<p>El tratamiento de datos personales tiene como finalidad la gesti\u00f3n de las relaciones con nuestros clientes y prospectos. En particular, este tratamiento tiene como objetivo comunicar al interesado informaci\u00f3n sobre la ejecuci\u00f3n de medidas precontractuales tomadas a petici\u00f3n del interesado, para ejecutar el contrato en el que el interesado es parte, para cumplir con nuestras obligaciones legales, fiscales. y obligaciones contables por un lado y comunicar novedades sobre nuestra organizaci\u00f3n, nuestros productos y nuestros servicios por otro.<\/p>\n<p>Este procesamiento de datos personales se basa en el consentimiento del interesado (art\u00edculo 6, apartado 1 del RGPD). La solicitud de datos tiene car\u00e1cter contractual. El interesado no est\u00e1 obligado a facilitar estos datos. Si el interesado no facilita los datos o retira su consentimiento al tratamiento de los datos, no podr\u00e1 hacerse cliente, adquirir nuestros productos ni beneficiarse de nuestros servicios, recibir informaci\u00f3n sobre novedades sobre nuestra organizaci\u00f3n, nuestros productos y nuestra servicios.<strong>.<\/strong><\/p>\n<p><strong>&gt; Uso de Google Analytics <\/strong><\/p>\n<p>Google procesa los datos mencionados en su pol\u00edtica de privacidad (<a href=\"https:\/\/support.google.com\/analytics\/answer\/6004245?hl=fr\">https:\/\/support.google.com\/analytics\/answer\/6004245?hl=fr<\/a> \/ https:\/\/policies.google.com\/privacy?hl=fr#infocollect). Estos datos incluyen, en particular, la direcci\u00f3n IP de los dispositivos utilizados para consultar el sitio.<\/p>\n<p>Este procesamiento se utiliza con fines de an\u00e1lisis y estudio estad\u00edstico del uso de nuestro sitio.<\/p>\n<p>El procesamiento es necesario para los fines de los intereses leg\u00edtimos que perseguimos, que son mejorar y optimizar nuestro sitio web en beneficio de los usuarios. Se basa en el art\u00edculo 6, apartado 1, letra f) del RGPD. La solicitud de datos tiene car\u00e1cter contractual. El interesado no est\u00e1 obligado a facilitar estos datos y podr\u00e1 oponerse a su tratamiento en cualquier momento. Para impedir la recopilaci\u00f3n de datos relacionados con su uso del sitio y el procesamiento de estos datos por parte de Google, el interesado deber\u00e1 seguir las instrucciones de Google:\u00a0<a href=\"http:\/\/tools.google.com\/dlpage\/gaoptout\">http:\/\/tools.google.com\/dlpage\/gaoptout<\/a><\/p>\n<\/div><div class=\"fusion-clearfix\"><\/div><\/div><\/div><\/div><\/div>","protected":false},"excerpt":{"rendered":"","protected":false},"author":3,"featured_media":0,"parent":0,"menu_order":0,"comment_status":"closed","ping_status":"closed","template":"","meta":{"footnotes":""},"class_list":["post-3736","page","type-page","status-publish","hentry"],"yoast_head":"<!-- This site is optimized with the Yoast SEO plugin v27.2 - https:\/\/yoast.com\/product\/yoast-seo-wordpress\/ -->\n<title>Politique de Confidentialit\u00e9 - Delta Metal<\/title>\n<meta name=\"robots\" content=\"index, follow, max-snippet:-1, max-image-preview:large, max-video-preview:-1\" \/>\n<link rel=\"canonical\" href=\"https:\/\/deltametal.fr\/es\/politique-de-confidentialite\/\" \/>\n<meta property=\"og:locale\" content=\"es_ES\" \/>\n<meta property=\"og:type\" content=\"article\" \/>\n<meta property=\"og:title\" content=\"Politique de Confidentialit\u00e9 - Delta Metal\" \/>\n<meta property=\"og:url\" content=\"https:\/\/deltametal.fr\/es\/politique-de-confidentialite\/\" \/>\n<meta property=\"og:site_name\" content=\"Delta Metal\" \/>\n<meta property=\"article:modified_time\" content=\"2019-06-17T14:20:18+00:00\" \/>\n<meta name=\"twitter:card\" content=\"summary_large_image\" \/>\n<meta name=\"twitter:label1\" content=\"Tiempo de lectura\" \/>\n\t<meta name=\"twitter:data1\" content=\"6 minutos\" \/>\n<script type=\"application\/ld+json\" class=\"yoast-schema-graph\">{\"@context\":\"https:\/\/schema.org\",\"@graph\":[{\"@type\":\"WebPage\",\"@id\":\"https:\/\/deltametal.fr\/politique-de-confidentialite\/\",\"url\":\"https:\/\/deltametal.fr\/politique-de-confidentialite\/\",\"name\":\"Politique de Confidentialit\u00e9 - Delta Metal\",\"isPartOf\":{\"@id\":\"https:\/\/deltametal.fr\/#website\"},\"datePublished\":\"2019-06-17T14:18:48+00:00\",\"dateModified\":\"2019-06-17T14:20:18+00:00\",\"breadcrumb\":{\"@id\":\"https:\/\/deltametal.fr\/politique-de-confidentialite\/#breadcrumb\"},\"inLanguage\":\"es\",\"potentialAction\":[{\"@type\":\"ReadAction\",\"target\":[\"https:\/\/deltametal.fr\/politique-de-confidentialite\/\"]}]},{\"@type\":\"BreadcrumbList\",\"@id\":\"https:\/\/deltametal.fr\/politique-de-confidentialite\/#breadcrumb\",\"itemListElement\":[{\"@type\":\"ListItem\",\"position\":1,\"name\":\"Accueil\",\"item\":\"https:\/\/deltametal.fr\/\"},{\"@type\":\"ListItem\",\"position\":2,\"name\":\"Politique de Confidentialit\u00e9\"}]},{\"@type\":\"WebSite\",\"@id\":\"https:\/\/deltametal.fr\/#website\",\"url\":\"https:\/\/deltametal.fr\/\",\"name\":\"Delta Metal\",\"description\":\"Expert en demi-produits et pi\u00e8ces usin\u00e9es sur mesure de haute qualit\u00e9\",\"publisher\":{\"@id\":\"https:\/\/deltametal.fr\/#organization\"},\"potentialAction\":[{\"@type\":\"SearchAction\",\"target\":{\"@type\":\"EntryPoint\",\"urlTemplate\":\"https:\/\/deltametal.fr\/?s={search_term_string}\"},\"query-input\":{\"@type\":\"PropertyValueSpecification\",\"valueRequired\":true,\"valueName\":\"search_term_string\"}}],\"inLanguage\":\"es\"},{\"@type\":\"Organization\",\"@id\":\"https:\/\/deltametal.fr\/#organization\",\"name\":\"Delta Metal\",\"url\":\"https:\/\/deltametal.fr\/\",\"logo\":{\"@type\":\"ImageObject\",\"inLanguage\":\"es\",\"@id\":\"https:\/\/deltametal.fr\/#\/schema\/logo\/image\/\",\"url\":\"https:\/\/deltametal.fr\/wp-content\/uploads\/2017\/01\/delta-metal-demi-produits-pieces-usinees.png\",\"contentUrl\":\"https:\/\/deltametal.fr\/wp-content\/uploads\/2017\/01\/delta-metal-demi-produits-pieces-usinees.png\",\"width\":329,\"height\":109,\"caption\":\"Delta Metal\"},\"image\":{\"@id\":\"https:\/\/deltametal.fr\/#\/schema\/logo\/image\/\"}}]}<\/script>\n<!-- \/ Yoast SEO plugin. -->","yoast_head_json":{"title":"Pol\u00edtica de privacidad - Delta Metal","robots":{"index":"index","follow":"follow","max-snippet":"max-snippet:-1","max-image-preview":"max-image-preview:large","max-video-preview":"max-video-preview:-1"},"canonical":"https:\/\/deltametal.fr\/es\/politique-de-confidentialite\/","og_locale":"es_ES","og_type":"article","og_title":"Politique de Confidentialit\u00e9 - Delta Metal","og_url":"https:\/\/deltametal.fr\/es\/politique-de-confidentialite\/","og_site_name":"Delta Metal","article_modified_time":"2019-06-17T14:20:18+00:00","twitter_card":"summary_large_image","twitter_misc":{"Tiempo de lectura":"6 minutos"},"schema":{"@context":"https:\/\/schema.org","@graph":[{"@type":"WebPage","@id":"https:\/\/deltametal.fr\/politique-de-confidentialite\/","url":"https:\/\/deltametal.fr\/politique-de-confidentialite\/","name":"Pol\u00edtica de privacidad - Delta Metal","isPartOf":{"@id":"https:\/\/deltametal.fr\/#website"},"datePublished":"2019-06-17T14:18:48+00:00","dateModified":"2019-06-17T14:20:18+00:00","breadcrumb":{"@id":"https:\/\/deltametal.fr\/politique-de-confidentialite\/#breadcrumb"},"inLanguage":"es","potentialAction":[{"@type":"ReadAction","target":["https:\/\/deltametal.fr\/politique-de-confidentialite\/"]}]},{"@type":"BreadcrumbList","@id":"https:\/\/deltametal.fr\/politique-de-confidentialite\/#breadcrumb","itemListElement":[{"@type":"ListItem","position":1,"name":"Accueil","item":"https:\/\/deltametal.fr\/"},{"@type":"ListItem","position":2,"name":"Politique de Confidentialit\u00e9"}]},{"@type":"WebSite","@id":"https:\/\/deltametal.fr\/#website","url":"https:\/\/deltametal.fr\/","name":"metal delta","description":"Experto en productos semiacabados de alta calidad y piezas mecanizadas a medida.","publisher":{"@id":"https:\/\/deltametal.fr\/#organization"},"potentialAction":[{"@type":"SearchAction","target":{"@type":"EntryPoint","urlTemplate":"https:\/\/deltametal.fr\/?s={search_term_string}"},"query-input":{"@type":"PropertyValueSpecification","valueRequired":true,"valueName":"search_term_string"}}],"inLanguage":"es"},{"@type":"Organization","@id":"https:\/\/deltametal.fr\/#organization","name":"metal delta","url":"https:\/\/deltametal.fr\/","logo":{"@type":"ImageObject","inLanguage":"es","@id":"https:\/\/deltametal.fr\/#\/schema\/logo\/image\/","url":"https:\/\/deltametal.fr\/wp-content\/uploads\/2017\/01\/delta-metal-demi-produits-pieces-usinees.png","contentUrl":"https:\/\/deltametal.fr\/wp-content\/uploads\/2017\/01\/delta-metal-demi-produits-pieces-usinees.png","width":329,"height":109,"caption":"Delta Metal"},"image":{"@id":"https:\/\/deltametal.fr\/#\/schema\/logo\/image\/"}}]}},"_links":{"self":[{"href":"https:\/\/deltametal.fr\/es\/wp-json\/wp\/v2\/pages\/3736","targetHints":{"allow":["GET"]}}],"collection":[{"href":"https:\/\/deltametal.fr\/es\/wp-json\/wp\/v2\/pages"}],"about":[{"href":"https:\/\/deltametal.fr\/es\/wp-json\/wp\/v2\/types\/page"}],"author":[{"embeddable":true,"href":"https:\/\/deltametal.fr\/es\/wp-json\/wp\/v2\/users\/3"}],"replies":[{"embeddable":true,"href":"https:\/\/deltametal.fr\/es\/wp-json\/wp\/v2\/comments?post=3736"}],"version-history":[{"count":0,"href":"https:\/\/deltametal.fr\/es\/wp-json\/wp\/v2\/pages\/3736\/revisions"}],"wp:attachment":[{"href":"https:\/\/deltametal.fr\/es\/wp-json\/wp\/v2\/media?parent=3736"}],"curies":[{"name":"gracias","href":"https:\/\/api.w.org\/{rel}","templated":true}]}}