{"id":878,"date":"2016-10-18T16:07:17","date_gmt":"2016-10-18T14:07:17","guid":{"rendered":"http:\/\/deltametal.fr\/?page_id=878"},"modified":"2023-10-23T09:49:36","modified_gmt":"2023-10-23T07:49:36","slug":"secteurs-dactivites-alliages","status":"publish","type":"page","link":"https:\/\/deltametal.fr\/es\/secteurs-dactivites-alliages\/","title":{"rendered":"Sectores de actividad \u2013 Aleaciones"},"content":{"rendered":"<p><div class=\"fusion-fullwidth fullwidth-box fusion-builder-row-1 fusion-flex-container has-pattern-background has-mask-background fusion-parallax-none nonhundred-percent-fullwidth non-hundred-percent-height-scrolling title-zone-single\" style=\"--awb-background-position:left top;--awb-border-radius-top-left:0px;--awb-border-radius-top-right:0px;--awb-border-radius-bottom-right:0px;--awb-border-radius-bottom-left:0px;--awb-padding-top:30px;--awb-padding-bottom:0px;--awb-margin-bottom:120px;--awb-background-image:url(&quot;https:\/\/deltametal.fr\/wp-content\/uploads\/2023\/09\/visuel-fond-single.jpg&quot;);--awb-background-size:cover;--awb-flex-wrap:wrap;\" ><div class=\"fusion-builder-row fusion-row fusion-flex-align-items-flex-end fusion-flex-content-wrap\" style=\"max-width:1456px;margin-left: calc(-4% \/ 2 );margin-right: calc(-4% \/ 2 );\"><div class=\"fusion-layout-column fusion_builder_column fusion-builder-column-0 fusion_builder_column_2_5 2_5 fusion-flex-column after-title\" style=\"--awb-bg-size:cover;--awb-width-large:40%;--awb-margin-top-large:0px;--awb-spacing-right-large:4.8%;--awb-margin-bottom-large:0px;--awb-spacing-left-large:4.8%;--awb-width-medium:100%;--awb-order-medium:0;--awb-spacing-right-medium:1.92%;--awb-spacing-left-medium:1.92%;--awb-width-small:100%;--awb-order-small:0;--awb-spacing-right-small:1.92%;--awb-spacing-left-small:1.92%;\" data-scroll-devices=\"small-visibility,medium-visibility,large-visibility\"><div class=\"fusion-column-wrapper fusion-column-has-shadow fusion-flex-justify-content-flex-start fusion-content-layout-column\"><div class=\"fusion-text fusion-text-1\"><p id=\"breadcrumbs\"><span><span><a href=\"https:\/\/deltametal.fr\/\">bienvenida<\/a><\/span><\/span><\/p>\n<\/div><div class=\"fusion-separator fusion-no-small-visibility fusion-full-width-sep\" style=\"align-self: center;margin-left: auto;margin-right: auto;margin-top:30px;width:100%;\"><\/div><div class=\"fusion-text fusion-text-2\"><h1>SECTORES<\/h1>\n<\/div><div class=\"fusion-text fusion-text-3\"><p>Para los profesionales, Delta Metal puede ofrecerles materiales adaptados a su actividad y aconsejarles sobre la elecci\u00f3n m\u00e1s adecuada en funci\u00f3n de sus exigencias t\u00e9cnicas.<\/p>\n<\/div><\/div><\/div><\/div><\/div><div class=\"fusion-fullwidth fullwidth-box fusion-builder-row-2 fusion-flex-container has-pattern-background has-mask-background nonhundred-percent-fullwidth non-hundred-percent-height-scrolling sect\" style=\"--awb-background-position:left top;--awb-border-sizes-top:0px;--awb-border-sizes-bottom:0px;--awb-border-sizes-left:0px;--awb-border-sizes-right:0px;--awb-border-radius-top-left:0px;--awb-border-radius-top-right:0px;--awb-border-radius-bottom-right:0px;--awb-border-radius-bottom-left:0px;--awb-padding-top:0px;--awb-padding-bottom:80px;--awb-flex-wrap:wrap;\" ><div class=\"fusion-builder-row fusion-row fusion-flex-align-items-stretch fusion-flex-justify-content-space-evenly fusion-flex-content-wrap\" style=\"max-width:1456px;margin-left: calc(-4% \/ 2 );margin-right: calc(-4% \/ 2 );\"><div class=\"fusion-layout-column fusion_builder_column fusion-builder-column-1 fusion_builder_column_1_6 1_6 fusion-flex-column fusion-column-inner-bg-wrapper bloc-sect\" style=\"--awb-inner-bg-size:cover;--awb-width-large:16.666666666667%;--awb-margin-top-large:0px;--awb-spacing-right-large:10px;--awb-margin-bottom-large:20px;--awb-spacing-left-large:11.52%;--awb-width-medium:33.333333333333%;--awb-order-medium:0;--awb-spacing-right-medium:10px;--awb-spacing-left-medium:5.76%;--awb-width-small:100%;--awb-order-small:0;--awb-spacing-right-small:1.92%;--awb-spacing-left-small:1.92%;\" data-scroll-devices=\"small-visibility,medium-visibility,large-visibility\"><span class=\"fusion-column-inner-bg hover-type-zoomin\"><a class=\"fusion-column-anchor\" href=\"http:\/\/deltametal.fr\/secteurs-dactivites-alliages\/aeronautique-secteurs-dactivites-alliages-nuances\/\"><span class=\"fusion-column-inner-bg-image\"><\/span><\/a><\/span><div class=\"fusion-column-wrapper fusion-column-has-shadow fusion-flex-justify-content-flex-start fusion-content-layout-column\"><div class=\"fusion-image-element\" style=\"--awb-caption-title-font-family:var(--h2_typography-font-family);--awb-caption-title-font-weight:var(--h2_typography-font-weight);--awb-caption-title-font-style:var(--h2_typography-font-style);--awb-caption-title-size:var(--h2_typography-font-size);--awb-caption-title-transform:var(--h2_typography-text-transform);--awb-caption-title-line-height:var(--h2_typography-line-height);--awb-caption-title-letter-spacing:var(--h2_typography-letter-spacing);\"><span class=\"fusion-imageframe imageframe-none imageframe-1 hover-type-none\"><img decoding=\"async\" width=\"345\" height=\"413\" title=\"sectores-aeron\u00f3ticos2-actividades-aleaciones-grados-metal-delta\" src=\"https:\/\/deltametal.fr\/wp-content\/uploads\/2016\/11\/aeronotique-secteurs2-activites-alliages-nuances-delta-metal.jpg\" alt class=\"img-responsive wp-image-1585\" srcset=\"https:\/\/deltametal.fr\/wp-content\/uploads\/2016\/11\/aeronotique-secteurs2-activites-alliages-nuances-delta-metal-200x239.jpg 200w, https:\/\/deltametal.fr\/wp-content\/uploads\/2016\/11\/aeronotique-secteurs2-activites-alliages-nuances-delta-metal.jpg 345w\" sizes=\"(max-width: 1100px) 100vw, (max-width: 640px) 100vw, 345px\" \/><\/span><\/div><div class=\"fusion-text fusion-text-4\"><h3>AERON\u00c1UTICA<\/h3>\n<\/div><\/div><\/div><div class=\"fusion-layout-column fusion_builder_column fusion-builder-column-2 fusion_builder_column_1_6 1_6 fusion-flex-column fusion-column-inner-bg-wrapper bloc-sect\" style=\"--awb-inner-bg-size:cover;--awb-width-large:16.666666666667%;--awb-margin-top-large:0px;--awb-spacing-right-large:10px;--awb-margin-bottom-large:20px;--awb-spacing-left-large:10px;--awb-width-medium:33.333333333333%;--awb-order-medium:0;--awb-spacing-right-medium:10px;--awb-spacing-left-medium:10px;--awb-width-small:100%;--awb-order-small:0;--awb-spacing-right-small:1.92%;--awb-spacing-left-small:1.92%;\" data-scroll-devices=\"small-visibility,medium-visibility,large-visibility\"><span class=\"fusion-column-inner-bg hover-type-zoomin\"><a class=\"fusion-column-anchor\" href=\"http:\/\/deltametal.fr\/secteurs-dactivites-alliages\/automobile-secteurs-dactivites-alliages-nuances\/\"><span class=\"fusion-column-inner-bg-image\"><\/span><\/a><\/span><div class=\"fusion-column-wrapper fusion-column-has-shadow fusion-flex-justify-content-flex-start fusion-content-layout-column\"><div class=\"fusion-image-element\" style=\"--awb-caption-title-font-family:var(--h2_typography-font-family);--awb-caption-title-font-weight:var(--h2_typography-font-weight);--awb-caption-title-font-style:var(--h2_typography-font-style);--awb-caption-title-size:var(--h2_typography-font-size);--awb-caption-title-transform:var(--h2_typography-text-transform);--awb-caption-title-line-height:var(--h2_typography-line-height);--awb-caption-title-letter-spacing:var(--h2_typography-letter-spacing);\"><span class=\"fusion-imageframe imageframe-none imageframe-2 hover-type-none\"><img decoding=\"async\" width=\"346\" height=\"412\" title=\"actividades-del-sector-automoci\u00f3n2-aleaciones-grados-delta-metal\" src=\"https:\/\/deltametal.fr\/wp-content\/uploads\/2016\/11\/automobile-secteurs-activites2-alliages-nuances-delta-metal.jpg\" alt class=\"img-responsive wp-image-1586\" srcset=\"https:\/\/deltametal.fr\/wp-content\/uploads\/2016\/11\/automobile-secteurs-activites2-alliages-nuances-delta-metal-200x238.jpg 200w, https:\/\/deltametal.fr\/wp-content\/uploads\/2016\/11\/automobile-secteurs-activites2-alliages-nuances-delta-metal.jpg 346w\" sizes=\"(max-width: 1100px) 100vw, (max-width: 640px) 100vw, 346px\" \/><\/span><\/div><div class=\"fusion-text fusion-text-5\"><h3>AUTOMOTOR<\/h3>\n<\/div><\/div><\/div><div class=\"fusion-layout-column fusion_builder_column fusion-builder-column-3 fusion_builder_column_1_6 1_6 fusion-flex-column fusion-column-inner-bg-wrapper bloc-sect\" style=\"--awb-inner-bg-size:cover;--awb-width-large:16.666666666667%;--awb-margin-top-large:0px;--awb-spacing-right-large:10px;--awb-margin-bottom-large:20px;--awb-spacing-left-large:10px;--awb-width-medium:33.333333333333%;--awb-order-medium:0;--awb-spacing-right-medium:10px;--awb-spacing-left-medium:10px;--awb-width-small:100%;--awb-order-small:0;--awb-spacing-right-small:1.92%;--awb-spacing-left-small:1.92%;\" data-scroll-devices=\"small-visibility,medium-visibility,large-visibility\"><span class=\"fusion-column-inner-bg hover-type-zoomin\"><a class=\"fusion-column-anchor\" href=\"http:\/\/deltametal.fr\/secteurs-dactivites-alliages\/mecanique\/\"><span class=\"fusion-column-inner-bg-image\"><\/span><\/a><\/span><div class=\"fusion-column-wrapper fusion-column-has-shadow fusion-flex-justify-content-flex-start fusion-content-layout-column\"><div class=\"fusion-image-element\" style=\"--awb-caption-title-font-family:var(--h2_typography-font-family);--awb-caption-title-font-weight:var(--h2_typography-font-weight);--awb-caption-title-font-style:var(--h2_typography-font-style);--awb-caption-title-size:var(--h2_typography-font-size);--awb-caption-title-transform:var(--h2_typography-text-transform);--awb-caption-title-line-height:var(--h2_typography-line-height);--awb-caption-title-letter-spacing:var(--h2_typography-letter-spacing);\"><span class=\"fusion-imageframe imageframe-none imageframe-3 hover-type-none\"><img decoding=\"async\" width=\"345\" height=\"410\" title=\"mecanica-sectores2-actividades-aleaciones-grados-delta-metal\" src=\"https:\/\/deltametal.fr\/wp-content\/uploads\/2016\/11\/mecanique-secteurs2-activites-alliages-nuances-delta-metal.jpg\" alt class=\"img-responsive wp-image-1588\" srcset=\"https:\/\/deltametal.fr\/wp-content\/uploads\/2016\/11\/mecanique-secteurs2-activites-alliages-nuances-delta-metal-200x238.jpg 200w, https:\/\/deltametal.fr\/wp-content\/uploads\/2016\/11\/mecanique-secteurs2-activites-alliages-nuances-delta-metal.jpg 345w\" sizes=\"(max-width: 1100px) 100vw, (max-width: 640px) 100vw, 345px\" \/><\/span><\/div><div class=\"fusion-text fusion-text-6\"><h3>MEC\u00c1NICO<\/h3>\n<\/div><\/div><\/div><div class=\"fusion-layout-column fusion_builder_column fusion-builder-column-4 fusion_builder_column_1_6 1_6 fusion-flex-column fusion-column-inner-bg-wrapper bloc-sect\" style=\"--awb-inner-bg-size:cover;--awb-width-large:16.666666666667%;--awb-margin-top-large:0px;--awb-spacing-right-large:10px;--awb-margin-bottom-large:20px;--awb-spacing-left-large:10px;--awb-width-medium:33.333333333333%;--awb-order-medium:0;--awb-spacing-right-medium:10px;--awb-spacing-left-medium:10px;--awb-width-small:100%;--awb-order-small:0;--awb-spacing-right-small:1.92%;--awb-spacing-left-small:1.92%;\" data-scroll-devices=\"small-visibility,medium-visibility,large-visibility\"><span class=\"fusion-column-inner-bg hover-type-zoomin\"><a class=\"fusion-column-anchor\" href=\"http:\/\/deltametal.fr\/secteurs-dactivites-alliages\/marine\/\"><span class=\"fusion-column-inner-bg-image\"><\/span><\/a><\/span><div class=\"fusion-column-wrapper fusion-column-has-shadow fusion-flex-justify-content-flex-start fusion-content-layout-column\"><div class=\"fusion-image-element\" style=\"--awb-caption-title-font-family:var(--h2_typography-font-family);--awb-caption-title-font-weight:var(--h2_typography-font-weight);--awb-caption-title-font-style:var(--h2_typography-font-style);--awb-caption-title-size:var(--h2_typography-font-size);--awb-caption-title-transform:var(--h2_typography-text-transform);--awb-caption-title-line-height:var(--h2_typography-line-height);--awb-caption-title-letter-spacing:var(--h2_typography-letter-spacing);\"><span class=\"fusion-imageframe imageframe-none imageframe-4 hover-type-none\"><img decoding=\"async\" width=\"342\" height=\"408\" title=\"sectores-marinos2-actividades-aleaciones-grados-metal-delta\" src=\"https:\/\/deltametal.fr\/wp-content\/uploads\/2016\/11\/marine-secteurs2-activites-alliages-nuances-delta-metal.jpg\" alt class=\"img-responsive wp-image-1587\" srcset=\"https:\/\/deltametal.fr\/wp-content\/uploads\/2016\/11\/marine-secteurs2-activites-alliages-nuances-delta-metal-200x239.jpg 200w, https:\/\/deltametal.fr\/wp-content\/uploads\/2016\/11\/marine-secteurs2-activites-alliages-nuances-delta-metal.jpg 342w\" sizes=\"(max-width: 1100px) 100vw, (max-width: 640px) 100vw, 342px\" \/><\/span><\/div><div class=\"fusion-text fusion-text-7\"><h3>MARINA<\/h3>\n<\/div><\/div><\/div><div class=\"fusion-layout-column fusion_builder_column fusion-builder-column-5 fusion_builder_column_1_6 1_6 fusion-flex-column fusion-column-inner-bg-wrapper bloc-sect\" style=\"--awb-inner-bg-size:cover;--awb-width-large:16.666666666667%;--awb-margin-top-large:0px;--awb-spacing-right-large:10px;--awb-margin-bottom-large:20px;--awb-spacing-left-large:10px;--awb-width-medium:33.333333333333%;--awb-order-medium:0;--awb-spacing-right-medium:10px;--awb-spacing-left-medium:10px;--awb-width-small:100%;--awb-order-small:0;--awb-spacing-right-small:1.92%;--awb-spacing-left-small:1.92%;\" data-scroll-devices=\"small-visibility,medium-visibility,large-visibility\"><span class=\"fusion-column-inner-bg hover-type-zoomin\"><a class=\"fusion-column-anchor\" href=\"http:\/\/deltametal.fr\/secteurs-dactivites-alliages\/metallurgie-secteurs-dactivites-alliages-nuances\/\"><span class=\"fusion-column-inner-bg-image\"><\/span><\/a><\/span><div class=\"fusion-column-wrapper fusion-column-has-shadow fusion-flex-justify-content-flex-start fusion-content-layout-column\"><div class=\"fusion-image-element\" style=\"--awb-caption-title-font-family:var(--h2_typography-font-family);--awb-caption-title-font-weight:var(--h2_typography-font-weight);--awb-caption-title-font-style:var(--h2_typography-font-style);--awb-caption-title-size:var(--h2_typography-font-size);--awb-caption-title-transform:var(--h2_typography-text-transform);--awb-caption-title-line-height:var(--h2_typography-line-height);--awb-caption-title-letter-spacing:var(--h2_typography-letter-spacing);\"><span class=\"fusion-imageframe imageframe-none imageframe-5 hover-type-none\"><img decoding=\"async\" width=\"342\" height=\"416\" title=\"sectores-metalurgia-actividades-aleaciones-grados-metal-delta\" src=\"https:\/\/deltametal.fr\/wp-content\/uploads\/2016\/12\/metallurgie-secteurs-activites-alliages-nuances-delta-metal.jpg\" alt class=\"img-responsive wp-image-1977\" srcset=\"https:\/\/deltametal.fr\/wp-content\/uploads\/2016\/12\/metallurgie-secteurs-activites-alliages-nuances-delta-metal-200x243.jpg 200w, https:\/\/deltametal.fr\/wp-content\/uploads\/2016\/12\/metallurgie-secteurs-activites-alliages-nuances-delta-metal.jpg 342w\" sizes=\"(max-width: 1100px) 100vw, (max-width: 640px) 100vw, 342px\" \/><\/span><\/div><div class=\"fusion-text fusion-text-8\"><h3>METALURGIA<\/h3>\n<\/div><\/div><\/div><div class=\"fusion-layout-column fusion_builder_column fusion-builder-column-6 fusion_builder_column_1_6 1_6 fusion-flex-column fusion-column-inner-bg-wrapper bloc-sect\" style=\"--awb-inner-bg-size:cover;--awb-width-large:16.666666666667%;--awb-margin-top-large:0px;--awb-spacing-right-large:10px;--awb-margin-bottom-large:20px;--awb-spacing-left-large:10px;--awb-width-medium:33.333333333333%;--awb-order-medium:0;--awb-spacing-right-medium:10px;--awb-spacing-left-medium:10px;--awb-width-small:100%;--awb-order-small:0;--awb-spacing-right-small:1.92%;--awb-spacing-left-small:1.92%;\" data-scroll-devices=\"small-visibility,medium-visibility,large-visibility\"><span class=\"fusion-column-inner-bg hover-type-zoomin\"><a class=\"fusion-column-anchor\" href=\"http:\/\/deltametal.fr\/secteurs-dactivites-alliages\/recherche\/\"><span class=\"fusion-column-inner-bg-image\"><\/span><\/a><\/span><div class=\"fusion-column-wrapper fusion-column-has-shadow fusion-flex-justify-content-flex-start fusion-content-layout-column\"><div class=\"fusion-image-element\" style=\"--awb-caption-title-font-family:var(--h2_typography-font-family);--awb-caption-title-font-weight:var(--h2_typography-font-weight);--awb-caption-title-font-style:var(--h2_typography-font-style);--awb-caption-title-size:var(--h2_typography-font-size);--awb-caption-title-transform:var(--h2_typography-text-transform);--awb-caption-title-line-height:var(--h2_typography-line-height);--awb-caption-title-letter-spacing:var(--h2_typography-letter-spacing);\"><span class=\"fusion-imageframe imageframe-none imageframe-6 hover-type-none\"><img decoding=\"async\" width=\"344\" height=\"408\" title=\"sectores-de-investigaci\u00f3n2-actividades-aleaciones-grados-metal-delta\" src=\"https:\/\/deltametal.fr\/wp-content\/uploads\/2016\/11\/recherche-secteurs2-activites-alliages-nuances-delta-metal.jpg\" alt class=\"img-responsive wp-image-1589\" srcset=\"https:\/\/deltametal.fr\/wp-content\/uploads\/2016\/11\/recherche-secteurs2-activites-alliages-nuances-delta-metal-200x237.jpg 200w, https:\/\/deltametal.fr\/wp-content\/uploads\/2016\/11\/recherche-secteurs2-activites-alliages-nuances-delta-metal.jpg 344w\" sizes=\"(max-width: 1100px) 100vw, (max-width: 640px) 100vw, 344px\" \/><\/span><\/div><div class=\"fusion-text fusion-text-9\"><h3>INVESTIGACI\u00d3N<\/h3>\n<\/div><\/div><\/div><\/div><\/div><\/p>","protected":false},"excerpt":{"rendered":"","protected":false},"author":3,"featured_media":0,"parent":0,"menu_order":0,"comment_status":"closed","ping_status":"closed","template":"100-width.php","meta":{"footnotes":""},"class_list":["post-878","page","type-page","status-publish","hentry"],"yoast_head":"<!-- This site is optimized with the Yoast SEO plugin v27.2 - https:\/\/yoast.com\/product\/yoast-seo-wordpress\/ -->\n<title>Secteurs d&#039;activit\u00e9s - Alliages - Delta Metal<\/title>\n<meta name=\"robots\" content=\"index, follow, max-snippet:-1, max-image-preview:large, max-video-preview:-1\" \/>\n<link rel=\"canonical\" href=\"https:\/\/deltametal.fr\/es\/secteurs-dactivites-alliages\/\" \/>\n<meta property=\"og:locale\" content=\"es_ES\" \/>\n<meta property=\"og:type\" content=\"article\" \/>\n<meta property=\"og:title\" content=\"Secteurs d&#039;activit\u00e9s - Alliages - Delta Metal\" \/>\n<meta property=\"og:url\" content=\"https:\/\/deltametal.fr\/es\/secteurs-dactivites-alliages\/\" \/>\n<meta property=\"og:site_name\" content=\"Delta Metal\" \/>\n<meta property=\"article:modified_time\" content=\"2023-10-23T07:49:36+00:00\" \/>\n<meta name=\"twitter:card\" content=\"summary_large_image\" \/>\n<meta name=\"twitter:label1\" content=\"Tiempo de lectura\" \/>\n\t<meta name=\"twitter:data1\" content=\"14 minutos\" \/>\n<script type=\"application\/ld+json\" class=\"yoast-schema-graph\">{\"@context\":\"https:\/\/schema.org\",\"@graph\":[{\"@type\":\"WebPage\",\"@id\":\"https:\/\/deltametal.fr\/secteurs-dactivites-alliages\/\",\"url\":\"https:\/\/deltametal.fr\/secteurs-dactivites-alliages\/\",\"name\":\"Secteurs d'activit\u00e9s - Alliages - Delta Metal\",\"isPartOf\":{\"@id\":\"https:\/\/deltametal.fr\/#website\"},\"datePublished\":\"2016-10-18T14:07:17+00:00\",\"dateModified\":\"2023-10-23T07:49:36+00:00\",\"breadcrumb\":{\"@id\":\"https:\/\/deltametal.fr\/secteurs-dactivites-alliages\/#breadcrumb\"},\"inLanguage\":\"es\",\"potentialAction\":[{\"@type\":\"ReadAction\",\"target\":[\"https:\/\/deltametal.fr\/secteurs-dactivites-alliages\/\"]}]},{\"@type\":\"BreadcrumbList\",\"@id\":\"https:\/\/deltametal.fr\/secteurs-dactivites-alliages\/#breadcrumb\",\"itemListElement\":[{\"@type\":\"ListItem\",\"position\":1,\"name\":\"Accueil\",\"item\":\"https:\/\/deltametal.fr\/\"},{\"@type\":\"ListItem\",\"position\":2,\"name\":\"Secteurs d'activit\u00e9s\"}]},{\"@type\":\"WebSite\",\"@id\":\"https:\/\/deltametal.fr\/#website\",\"url\":\"https:\/\/deltametal.fr\/\",\"name\":\"Delta Metal\",\"description\":\"Expert en demi-produits et pi\u00e8ces usin\u00e9es sur mesure de haute qualit\u00e9\",\"publisher\":{\"@id\":\"https:\/\/deltametal.fr\/#organization\"},\"potentialAction\":[{\"@type\":\"SearchAction\",\"target\":{\"@type\":\"EntryPoint\",\"urlTemplate\":\"https:\/\/deltametal.fr\/?s={search_term_string}\"},\"query-input\":{\"@type\":\"PropertyValueSpecification\",\"valueRequired\":true,\"valueName\":\"search_term_string\"}}],\"inLanguage\":\"es\"},{\"@type\":\"Organization\",\"@id\":\"https:\/\/deltametal.fr\/#organization\",\"name\":\"Delta Metal\",\"url\":\"https:\/\/deltametal.fr\/\",\"logo\":{\"@type\":\"ImageObject\",\"inLanguage\":\"es\",\"@id\":\"https:\/\/deltametal.fr\/#\/schema\/logo\/image\/\",\"url\":\"https:\/\/deltametal.fr\/wp-content\/uploads\/2017\/01\/delta-metal-demi-produits-pieces-usinees.png\",\"contentUrl\":\"https:\/\/deltametal.fr\/wp-content\/uploads\/2017\/01\/delta-metal-demi-produits-pieces-usinees.png\",\"width\":329,\"height\":109,\"caption\":\"Delta Metal\"},\"image\":{\"@id\":\"https:\/\/deltametal.fr\/#\/schema\/logo\/image\/\"}}]}<\/script>\n<!-- \/ Yoast SEO plugin. -->","yoast_head_json":{"title":"Sectores de actividad - Aleaciones - Delta Metal","robots":{"index":"index","follow":"follow","max-snippet":"max-snippet:-1","max-image-preview":"max-image-preview:large","max-video-preview":"max-video-preview:-1"},"canonical":"https:\/\/deltametal.fr\/es\/secteurs-dactivites-alliages\/","og_locale":"es_ES","og_type":"article","og_title":"Secteurs d'activit\u00e9s - Alliages - Delta Metal","og_url":"https:\/\/deltametal.fr\/es\/secteurs-dactivites-alliages\/","og_site_name":"Delta Metal","article_modified_time":"2023-10-23T07:49:36+00:00","twitter_card":"summary_large_image","twitter_misc":{"Tiempo de lectura":"14 minutos"},"schema":{"@context":"https:\/\/schema.org","@graph":[{"@type":"WebPage","@id":"https:\/\/deltametal.fr\/secteurs-dactivites-alliages\/","url":"https:\/\/deltametal.fr\/secteurs-dactivites-alliages\/","name":"Sectores de actividad - Aleaciones - Delta Metal","isPartOf":{"@id":"https:\/\/deltametal.fr\/#website"},"datePublished":"2016-10-18T14:07:17+00:00","dateModified":"2023-10-23T07:49:36+00:00","breadcrumb":{"@id":"https:\/\/deltametal.fr\/secteurs-dactivites-alliages\/#breadcrumb"},"inLanguage":"es","potentialAction":[{"@type":"ReadAction","target":["https:\/\/deltametal.fr\/secteurs-dactivites-alliages\/"]}]},{"@type":"BreadcrumbList","@id":"https:\/\/deltametal.fr\/secteurs-dactivites-alliages\/#breadcrumb","itemListElement":[{"@type":"ListItem","position":1,"name":"Accueil","item":"https:\/\/deltametal.fr\/"},{"@type":"ListItem","position":2,"name":"Secteurs d'activit\u00e9s"}]},{"@type":"WebSite","@id":"https:\/\/deltametal.fr\/#website","url":"https:\/\/deltametal.fr\/","name":"metal delta","description":"Experto en productos semiacabados de alta calidad y piezas mecanizadas a medida.","publisher":{"@id":"https:\/\/deltametal.fr\/#organization"},"potentialAction":[{"@type":"SearchAction","target":{"@type":"EntryPoint","urlTemplate":"https:\/\/deltametal.fr\/?s={search_term_string}"},"query-input":{"@type":"PropertyValueSpecification","valueRequired":true,"valueName":"search_term_string"}}],"inLanguage":"es"},{"@type":"Organization","@id":"https:\/\/deltametal.fr\/#organization","name":"metal delta","url":"https:\/\/deltametal.fr\/","logo":{"@type":"ImageObject","inLanguage":"es","@id":"https:\/\/deltametal.fr\/#\/schema\/logo\/image\/","url":"https:\/\/deltametal.fr\/wp-content\/uploads\/2017\/01\/delta-metal-demi-produits-pieces-usinees.png","contentUrl":"https:\/\/deltametal.fr\/wp-content\/uploads\/2017\/01\/delta-metal-demi-produits-pieces-usinees.png","width":329,"height":109,"caption":"Delta Metal"},"image":{"@id":"https:\/\/deltametal.fr\/#\/schema\/logo\/image\/"}}]}},"_links":{"self":[{"href":"https:\/\/deltametal.fr\/es\/wp-json\/wp\/v2\/pages\/878","targetHints":{"allow":["GET"]}}],"collection":[{"href":"https:\/\/deltametal.fr\/es\/wp-json\/wp\/v2\/pages"}],"about":[{"href":"https:\/\/deltametal.fr\/es\/wp-json\/wp\/v2\/types\/page"}],"author":[{"embeddable":true,"href":"https:\/\/deltametal.fr\/es\/wp-json\/wp\/v2\/users\/3"}],"replies":[{"embeddable":true,"href":"https:\/\/deltametal.fr\/es\/wp-json\/wp\/v2\/comments?post=878"}],"version-history":[{"count":5,"href":"https:\/\/deltametal.fr\/es\/wp-json\/wp\/v2\/pages\/878\/revisions"}],"predecessor-version":[{"id":8677,"href":"https:\/\/deltametal.fr\/es\/wp-json\/wp\/v2\/pages\/878\/revisions\/8677"}],"wp:attachment":[{"href":"https:\/\/deltametal.fr\/es\/wp-json\/wp\/v2\/media?parent=878"}],"curies":[{"name":"gracias","href":"https:\/\/api.w.org\/{rel}","templated":true}]}}