{"id":894,"date":"2016-10-19T10:30:20","date_gmt":"2016-10-19T08:30:20","guid":{"rendered":"http:\/\/deltametal.fr\/?page_id=894"},"modified":"2023-10-23T09:33:58","modified_gmt":"2023-10-23T07:33:58","slug":"alliages-secteurs-dactivites","status":"publish","type":"page","link":"https:\/\/deltametal.fr\/es\/alliages-secteurs-dactivites\/","title":{"rendered":"Aleaciones \u2013 Bronces \u2013 Cobre \u2013 Aluminio"},"content":{"rendered":"<p><div class=\"fusion-fullwidth fullwidth-box fusion-builder-row-1 fusion-flex-container has-pattern-background has-mask-background fusion-parallax-none nonhundred-percent-fullwidth non-hundred-percent-height-scrolling title-zone-single\" style=\"--awb-background-position:left top;--awb-border-radius-top-left:0px;--awb-border-radius-top-right:0px;--awb-border-radius-bottom-right:0px;--awb-border-radius-bottom-left:0px;--awb-padding-top:30px;--awb-padding-bottom:0px;--awb-margin-bottom:80px;--awb-background-image:url(&quot;https:\/\/deltametal.fr\/wp-content\/uploads\/2023\/09\/visuel-fond-single.jpg&quot;);--awb-background-size:cover;--awb-flex-wrap:wrap;\" ><div class=\"fusion-builder-row fusion-row fusion-flex-align-items-flex-end fusion-flex-content-wrap\" style=\"max-width:1456px;margin-left: calc(-4% \/ 2 );margin-right: calc(-4% \/ 2 );\"><div class=\"fusion-layout-column fusion_builder_column fusion-builder-column-0 fusion_builder_column_2_5 2_5 fusion-flex-column after-title\" style=\"--awb-bg-size:cover;--awb-width-large:40%;--awb-margin-top-large:0px;--awb-spacing-right-large:4.8%;--awb-margin-bottom-large:0px;--awb-spacing-left-large:4.8%;--awb-width-medium:100%;--awb-order-medium:0;--awb-spacing-right-medium:1.92%;--awb-spacing-left-medium:1.92%;--awb-width-small:100%;--awb-order-small:0;--awb-spacing-right-small:1.92%;--awb-spacing-left-small:1.92%;\" data-scroll-devices=\"small-visibility,medium-visibility,large-visibility\"><div class=\"fusion-column-wrapper fusion-column-has-shadow fusion-flex-justify-content-flex-start fusion-content-layout-column\"><div class=\"fusion-text fusion-text-1\"><p id=\"breadcrumbs\"><span><span><a href=\"https:\/\/deltametal.fr\/\">bienvenida<\/a><\/span><\/span><\/p>\n<\/div><div class=\"fusion-separator fusion-no-small-visibility fusion-full-width-sep\" style=\"align-self: center;margin-left: auto;margin-right: auto;margin-top:30px;width:100%;\"><\/div><div class=\"fusion-text fusion-text-2\"><h1>QU\u00c9 EST\u00c1S BUSCANDO ?<\/h1>\n<\/div><\/div><\/div><\/div><\/div><div class=\"fusion-fullwidth fullwidth-box fusion-builder-row-2 fusion-flex-container has-pattern-background has-mask-background nonhundred-percent-fullwidth non-hundred-percent-height-scrolling\" style=\"--awb-border-radius-top-left:0px;--awb-border-radius-top-right:0px;--awb-border-radius-bottom-right:0px;--awb-border-radius-bottom-left:0px;--awb-margin-bottom:50px;--awb-flex-wrap:wrap;\" ><div class=\"fusion-builder-row fusion-row fusion-flex-align-items-flex-start fusion-flex-content-wrap\" style=\"max-width:1456px;margin-left: calc(-4% \/ 2 );margin-right: calc(-4% \/ 2 );\"><div class=\"fusion-layout-column fusion_builder_column fusion-builder-column-1 fusion_builder_column_4_5 4_5 fusion-flex-column\" style=\"--awb-bg-size:cover;--awb-width-large:80%;--awb-margin-top-large:0px;--awb-spacing-right-large:2.4%;--awb-margin-bottom-large:20px;--awb-spacing-left-large:2.4%;--awb-width-medium:100%;--awb-order-medium:0;--awb-spacing-right-medium:1.92%;--awb-spacing-left-medium:1.92%;--awb-width-small:100%;--awb-order-small:0;--awb-spacing-right-small:1.92%;--awb-spacing-left-small:1.92%;\"><div class=\"fusion-column-wrapper fusion-column-has-shadow fusion-flex-justify-content-flex-start fusion-content-layout-column\"><div class=\"fusion-text fusion-text-3\"><div class=\"matieres-cat\"><div class=\"color-zone matieres\" onclick=\"window.location.href = 'https:\/\/deltametal.fr\/category\/materiaux-frittes-fr'\">\n\t\t\t\t\t\t<div class=\"hover-bloc\"><\/div>\n\t\t\t\t\t\t<h3>\n\t\t\t\t\t\t\t<a href=\"https:\/\/deltametal.fr\/category\/materiaux-frittes-fr\/\">Materiales<br>sinterizado<br><\/a>\n\t\t\t\t\t\t<\/h3>\n\t\t\t\t\t<\/div><div class=\"color-zone cuproalu\" onclick=\"window.location.href = 'https:\/\/deltametal.fr\/category\/cupro-aluminium-fr'\">\n\t\t\t\t\t\t<div class=\"hover-bloc\"><\/div>\n\t\t\t\t\t\t<h3>\n\t\t\t\t\t\t\t<a href=\"https:\/\/deltametal.fr\/category\/cupro-aluminium-fr\/\">Cupro<br>Aluminio<br><\/a>\n\t\t\t\t\t\t<\/h3>\n\t\t\t\t\t<\/div><div class=\"color-zone cuproplomb\" onclick=\"window.location.href = 'https:\/\/deltametal.fr\/category\/cupro-plomb-fr'\">\n\t\t\t\t\t\t<div class=\"hover-bloc\"><\/div>\n\t\t\t\t\t\t<h3>\n\t\t\t\t\t\t\t<a href=\"https:\/\/deltametal.fr\/category\/cupro-plomb-fr\/\">Cupro<br>Dirigir<br><\/a>\n\t\t\t\t\t\t<\/h3>\n\t\t\t\t\t<\/div><div class=\"color-zone cupronickel\" onclick=\"window.location.href = 'https:\/\/deltametal.fr\/category\/cupro-nickel-fr'\">\n\t\t\t\t\t\t<div class=\"hover-bloc\"><\/div>\n\t\t\t\t\t\t<h3>\n\t\t\t\t\t\t\t<a href=\"https:\/\/deltametal.fr\/category\/cupro-nickel-fr\/\">Cupro<br>N\u00edquel<br><\/a>\n\t\t\t\t\t\t<\/h3>\n\t\t\t\t\t<\/div><div class=\"color-zone titanes\" onclick=\"window.location.href = 'https:\/\/deltametal.fr\/category\/titane-fr'\">\n\t\t\t\t\t\t<div class=\"hover-bloc\"><\/div>\n\t\t\t\t\t\t<h3>\n\t\t\t\t\t\t\t<a href=\"https:\/\/deltametal.fr\/category\/titane-fr\/\">Titanios<br><\/a>\n\t\t\t\t\t\t<\/h3>\n\t\t\t\t\t<\/div><div class=\"color-zone alliages\" onclick=\"window.location.href = 'https:\/\/deltametal.fr\/category\/alliages-cuivreux-a-haute-conductibilte-fr'\">\n\t\t\t\t\t\t<div class=\"hover-bloc\"><\/div>\n\t\t\t\t\t\t<h3>\n\t\t\t\t\t\t\t<a href=\"https:\/\/deltametal.fr\/category\/alliages-cuivreux-a-haute-conductibilte-fr\/\">Aleaciones<br>Alto<br>Conductividad<br><\/a>\n\t\t\t\t\t\t<\/h3>\n\t\t\t\t\t<\/div><div class=\"color-zone cuivres\" onclick=\"window.location.href = 'https:\/\/deltametal.fr\/category\/cuivre-fr'\">\n\t\t\t\t\t\t<div class=\"hover-bloc\"><\/div>\n\t\t\t\t\t\t<h3>\n\t\t\t\t\t\t\t<a href=\"https:\/\/deltametal.fr\/category\/cuivre-fr\/\">Lat\u00f3n<br><\/a>\n\t\t\t\t\t\t<\/h3>\n\t\t\t\t\t<\/div><div class=\"color-zone bronzes\" onclick=\"window.location.href = 'https:\/\/deltametal.fr\/category\/bronzes-fr'\">\n\t\t\t\t\t\t<div class=\"hover-bloc\"><\/div>\n\t\t\t\t\t\t<h3>\n\t\t\t\t\t\t\t<a href=\"https:\/\/deltametal.fr\/category\/bronzes-fr\/\">Bronces<br><\/a>\n\t\t\t\t\t\t<\/h3>\n\t\t\t\t\t<\/div><div class=\"color-zone laitons\" onclick=\"window.location.href = 'https:\/\/deltametal.fr\/category\/laiton-fr'\">\n\t\t\t\t\t\t<div class=\"hover-bloc\"><\/div>\n\t\t\t\t\t\t<h3>\n\t\t\t\t\t\t\t<a href=\"https:\/\/deltametal.fr\/category\/laiton-fr\/\">Latones<br><\/a>\n\t\t\t\t\t\t<\/h3>\n\t\t\t\t\t<\/div><\/div>\n<\/div><\/div><\/div><div class=\"fusion-layout-column fusion_builder_column fusion-builder-column-2 fusion_builder_column_2_5 2_5 fusion-flex-column\" style=\"--awb-bg-size:cover;--awb-width-large:40%;--awb-margin-top-large:40px;--awb-spacing-right-large:4.8%;--awb-margin-bottom-large:20px;--awb-spacing-left-large:4.8%;--awb-width-medium:100%;--awb-order-medium:0;--awb-spacing-right-medium:1.92%;--awb-spacing-left-medium:1.92%;--awb-width-small:100%;--awb-order-small:0;--awb-spacing-right-small:1.92%;--awb-spacing-left-small:1.92%;\" data-scroll-devices=\"small-visibility,medium-visibility,large-visibility\"><div class=\"fusion-column-wrapper fusion-column-has-shadow fusion-flex-justify-content-flex-start fusion-content-layout-column\"><div class=\"fusion-text fusion-text-4\"><p>Delta Metal ofrece una amplia gama de productos que cumplen con sus especificaciones t\u00e9cnicas. Encuentra los materiales que necesitas para realizar tus proyectos industriales.<\/p>\n<\/div><div class=\"fusion-text fusion-text-5\" style=\"--awb-margin-top:30px;\"><p><a class=\"btn-darkblue-arrow\" title=\"acceder a la solicitud de cotizaci\u00f3n\" href=\"http:\/\/deltametal.fr\/contact-munster-demande-de-devis\/\">SOLICITAR PRESUPUESTO<\/a><\/p>\n<\/div><\/div><\/div><\/div><\/div><\/p>","protected":false},"excerpt":{"rendered":"","protected":false},"author":3,"featured_media":0,"parent":0,"menu_order":0,"comment_status":"closed","ping_status":"closed","template":"100-width.php","meta":{"footnotes":""},"class_list":["post-894","page","type-page","status-publish","hentry"],"yoast_head":"<!-- This site is optimized with the Yoast SEO plugin v27.4 - https:\/\/yoast.com\/product\/yoast-seo-wordpress\/ -->\n<title>Alliages - Bronzes - Cuivre - Aluminium - Delta Metal<\/title>\n<meta name=\"description\" content=\"Elaborer gr\u00e2ce \u00e0 diff\u00e9rentes techniques, Delta Metal propose de nombreux alliages. Bronzes, Cuivre, aluminium, Cupro-Nickel, Titane, Laiton, Cupro-Plomb...\" \/>\n<meta name=\"robots\" content=\"index, follow, max-snippet:-1, max-image-preview:large, max-video-preview:-1\" \/>\n<link rel=\"canonical\" href=\"https:\/\/deltametal.fr\/es\/alliages-secteurs-dactivites\/\" \/>\n<meta property=\"og:locale\" content=\"es_ES\" \/>\n<meta property=\"og:type\" content=\"article\" \/>\n<meta property=\"og:title\" content=\"Alliages - Bronzes - Cuivre - Aluminium - Delta Metal\" \/>\n<meta property=\"og:description\" content=\"Elaborer gr\u00e2ce \u00e0 diff\u00e9rentes techniques, Delta Metal propose de nombreux alliages. Bronzes, Cuivre, aluminium, Cupro-Nickel, Titane, Laiton, Cupro-Plomb...\" \/>\n<meta property=\"og:url\" content=\"https:\/\/deltametal.fr\/es\/alliages-secteurs-dactivites\/\" \/>\n<meta property=\"og:site_name\" content=\"Delta Metal\" \/>\n<meta property=\"article:modified_time\" content=\"2023-10-23T07:33:58+00:00\" \/>\n<meta name=\"twitter:card\" content=\"summary_large_image\" \/>\n<meta name=\"twitter:label1\" content=\"Tiempo de lectura\" \/>\n\t<meta name=\"twitter:data1\" content=\"6 minutos\" \/>\n<script type=\"application\/ld+json\" class=\"yoast-schema-graph\">{\"@context\":\"https:\\\/\\\/schema.org\",\"@graph\":[{\"@type\":\"WebPage\",\"@id\":\"https:\\\/\\\/deltametal.fr\\\/alliages-secteurs-dactivites\\\/\",\"url\":\"https:\\\/\\\/deltametal.fr\\\/alliages-secteurs-dactivites\\\/\",\"name\":\"Alliages - Bronzes - Cuivre - Aluminium - Delta Metal\",\"isPartOf\":{\"@id\":\"https:\\\/\\\/deltametal.fr\\\/#website\"},\"datePublished\":\"2016-10-19T08:30:20+00:00\",\"dateModified\":\"2023-10-23T07:33:58+00:00\",\"description\":\"Elaborer gr\u00e2ce \u00e0 diff\u00e9rentes techniques, Delta Metal propose de nombreux alliages. Bronzes, Cuivre, aluminium, Cupro-Nickel, Titane, Laiton, Cupro-Plomb...\",\"breadcrumb\":{\"@id\":\"https:\\\/\\\/deltametal.fr\\\/alliages-secteurs-dactivites\\\/#breadcrumb\"},\"inLanguage\":\"es\",\"potentialAction\":[{\"@type\":\"ReadAction\",\"target\":[\"https:\\\/\\\/deltametal.fr\\\/alliages-secteurs-dactivites\\\/\"]}]},{\"@type\":\"BreadcrumbList\",\"@id\":\"https:\\\/\\\/deltametal.fr\\\/alliages-secteurs-dactivites\\\/#breadcrumb\",\"itemListElement\":[{\"@type\":\"ListItem\",\"position\":1,\"name\":\"Accueil\",\"item\":\"https:\\\/\\\/deltametal.fr\\\/\"},{\"@type\":\"ListItem\",\"position\":2,\"name\":\"Nos produits\"}]},{\"@type\":\"WebSite\",\"@id\":\"https:\\\/\\\/deltametal.fr\\\/#website\",\"url\":\"https:\\\/\\\/deltametal.fr\\\/\",\"name\":\"Delta Metal\",\"description\":\"Expert en demi-produits et pi\u00e8ces usin\u00e9es sur mesure de haute qualit\u00e9\",\"publisher\":{\"@id\":\"https:\\\/\\\/deltametal.fr\\\/#organization\"},\"potentialAction\":[{\"@type\":\"SearchAction\",\"target\":{\"@type\":\"EntryPoint\",\"urlTemplate\":\"https:\\\/\\\/deltametal.fr\\\/?s={search_term_string}\"},\"query-input\":{\"@type\":\"PropertyValueSpecification\",\"valueRequired\":true,\"valueName\":\"search_term_string\"}}],\"inLanguage\":\"es\"},{\"@type\":\"Organization\",\"@id\":\"https:\\\/\\\/deltametal.fr\\\/#organization\",\"name\":\"Delta Metal\",\"url\":\"https:\\\/\\\/deltametal.fr\\\/\",\"logo\":{\"@type\":\"ImageObject\",\"inLanguage\":\"es\",\"@id\":\"https:\\\/\\\/deltametal.fr\\\/#\\\/schema\\\/logo\\\/image\\\/\",\"url\":\"https:\\\/\\\/deltametal.fr\\\/wp-content\\\/uploads\\\/2017\\\/01\\\/delta-metal-demi-produits-pieces-usinees.png\",\"contentUrl\":\"https:\\\/\\\/deltametal.fr\\\/wp-content\\\/uploads\\\/2017\\\/01\\\/delta-metal-demi-produits-pieces-usinees.png\",\"width\":329,\"height\":109,\"caption\":\"Delta Metal\"},\"image\":{\"@id\":\"https:\\\/\\\/deltametal.fr\\\/#\\\/schema\\\/logo\\\/image\\\/\"}}]}<\/script>\n<!-- \/ Yoast SEO plugin. -->","yoast_head_json":{"title":"Aleaciones - Bronces - Cobre - Aluminio - Delta Metal","description":"Fabricadas mediante diversas t\u00e9cnicas, Delta Metal ofrece una amplia gama de aleaciones: bronces, cobre, aluminio, cupron\u00edquel, titanio, lat\u00f3n, cupron\u00edquel, plomo...","robots":{"index":"index","follow":"follow","max-snippet":"max-snippet:-1","max-image-preview":"max-image-preview:large","max-video-preview":"max-video-preview:-1"},"canonical":"https:\/\/deltametal.fr\/es\/alliages-secteurs-dactivites\/","og_locale":"es_ES","og_type":"article","og_title":"Alliages - Bronzes - Cuivre - Aluminium - Delta Metal","og_description":"Elaborer gr\u00e2ce \u00e0 diff\u00e9rentes techniques, Delta Metal propose de nombreux alliages. Bronzes, Cuivre, aluminium, Cupro-Nickel, Titane, Laiton, Cupro-Plomb...","og_url":"https:\/\/deltametal.fr\/es\/alliages-secteurs-dactivites\/","og_site_name":"Delta Metal","article_modified_time":"2023-10-23T07:33:58+00:00","twitter_card":"summary_large_image","twitter_misc":{"Tiempo de lectura":"6 minutos"},"schema":{"@context":"https:\/\/schema.org","@graph":[{"@type":"WebPage","@id":"https:\/\/deltametal.fr\/alliages-secteurs-dactivites\/","url":"https:\/\/deltametal.fr\/alliages-secteurs-dactivites\/","name":"Aleaciones - Bronces - Cobre - Aluminio - Delta Metal","isPartOf":{"@id":"https:\/\/deltametal.fr\/#website"},"datePublished":"2016-10-19T08:30:20+00:00","dateModified":"2023-10-23T07:33:58+00:00","description":"Fabricadas mediante diversas t\u00e9cnicas, Delta Metal ofrece una amplia gama de aleaciones: bronces, cobre, aluminio, cupron\u00edquel, titanio, lat\u00f3n, cupron\u00edquel, plomo...","breadcrumb":{"@id":"https:\/\/deltametal.fr\/alliages-secteurs-dactivites\/#breadcrumb"},"inLanguage":"es","potentialAction":[{"@type":"ReadAction","target":["https:\/\/deltametal.fr\/alliages-secteurs-dactivites\/"]}]},{"@type":"BreadcrumbList","@id":"https:\/\/deltametal.fr\/alliages-secteurs-dactivites\/#breadcrumb","itemListElement":[{"@type":"ListItem","position":1,"name":"Accueil","item":"https:\/\/deltametal.fr\/"},{"@type":"ListItem","position":2,"name":"Nos produits"}]},{"@type":"WebSite","@id":"https:\/\/deltametal.fr\/#website","url":"https:\/\/deltametal.fr\/","name":"metal delta","description":"Experto en productos semiacabados de alta calidad y piezas mecanizadas a medida.","publisher":{"@id":"https:\/\/deltametal.fr\/#organization"},"potentialAction":[{"@type":"SearchAction","target":{"@type":"EntryPoint","urlTemplate":"https:\/\/deltametal.fr\/?s={search_term_string}"},"query-input":{"@type":"PropertyValueSpecification","valueRequired":true,"valueName":"search_term_string"}}],"inLanguage":"es"},{"@type":"Organization","@id":"https:\/\/deltametal.fr\/#organization","name":"metal delta","url":"https:\/\/deltametal.fr\/","logo":{"@type":"ImageObject","inLanguage":"es","@id":"https:\/\/deltametal.fr\/#\/schema\/logo\/image\/","url":"https:\/\/deltametal.fr\/wp-content\/uploads\/2017\/01\/delta-metal-demi-produits-pieces-usinees.png","contentUrl":"https:\/\/deltametal.fr\/wp-content\/uploads\/2017\/01\/delta-metal-demi-produits-pieces-usinees.png","width":329,"height":109,"caption":"Delta Metal"},"image":{"@id":"https:\/\/deltametal.fr\/#\/schema\/logo\/image\/"}}]}},"_links":{"self":[{"href":"https:\/\/deltametal.fr\/es\/wp-json\/wp\/v2\/pages\/894","targetHints":{"allow":["GET"]}}],"collection":[{"href":"https:\/\/deltametal.fr\/es\/wp-json\/wp\/v2\/pages"}],"about":[{"href":"https:\/\/deltametal.fr\/es\/wp-json\/wp\/v2\/types\/page"}],"author":[{"embeddable":true,"href":"https:\/\/deltametal.fr\/es\/wp-json\/wp\/v2\/users\/3"}],"replies":[{"embeddable":true,"href":"https:\/\/deltametal.fr\/es\/wp-json\/wp\/v2\/comments?post=894"}],"version-history":[{"count":5,"href":"https:\/\/deltametal.fr\/es\/wp-json\/wp\/v2\/pages\/894\/revisions"}],"predecessor-version":[{"id":22886,"href":"https:\/\/deltametal.fr\/es\/wp-json\/wp\/v2\/pages\/894\/revisions\/22886"}],"wp:attachment":[{"href":"https:\/\/deltametal.fr\/es\/wp-json\/wp\/v2\/media?parent=894"}],"curies":[{"name":"gracias","href":"https:\/\/api.w.org\/{rel}","templated":true}]}}